{"id":1411,"date":"2022-02-17T19:10:25","date_gmt":"2022-02-18T00:10:25","guid":{"rendered":"http:\/\/wviscanada.ca\/?post_type=product&#038;p=1411"},"modified":"2022-02-17T19:12:37","modified_gmt":"2022-02-18T00:12:37","slug":"preparation-en-ligne-au-tef","status":"publish","type":"product","link":"https:\/\/wviscanada.ca\/en_ca\/product\/preparation-en-ligne-au-tef\/","title":{"rendered":"Online preparation for the TEF"},"content":{"rendered":"<ul class=\"_1V4Ij\" data-hook=\"collapse-info-section\">\n<li class=\"_2knBS undefined\" data-hook=\"collapse-info-item\">\n<div>The complete online preparation of the TEF: You will get your access code<\/div>\n<ul>\n<li>Single payment<\/li>\n<li>Without subscription<\/li>\n<li>Unlimited access for 12 months<\/li>\n<\/ul>\n<\/li>\n<\/ul>","protected":false},"excerpt":{"rendered":"<p>La pr\u00e9paration en ligne compl\u00e8te du TEF : Vous obtiendrez votre code d&rsquo;acc\u00e8s Paiement unique Sans abonnement Acc\u00e8s illimit\u00e9 pendant 12 mois<\/p>","protected":false},"featured_media":1412,"comment_status":"open","ping_status":"closed","template":"","meta":[],"product_brand":[],"product_cat":[31],"product_tag":[],"class_list":{"0":"post-1411","1":"product","2":"type-product","3":"status-publish","4":"has-post-thumbnail","6":"product_cat-preparation-en-ligne","8":"first","9":"instock","10":"virtual","11":"purchasable","12":"product-type-simple"},"_links":{"self":[{"href":"https:\/\/wviscanada.ca\/en_ca\/wp-json\/wp\/v2\/product\/1411","targetHints":{"allow":["GET"]}}],"collection":[{"href":"https:\/\/wviscanada.ca\/en_ca\/wp-json\/wp\/v2\/product"}],"about":[{"href":"https:\/\/wviscanada.ca\/en_ca\/wp-json\/wp\/v2\/types\/product"}],"replies":[{"embeddable":true,"href":"https:\/\/wviscanada.ca\/en_ca\/wp-json\/wp\/v2\/comments?post=1411"}],"wp:featuredmedia":[{"embeddable":true,"href":"https:\/\/wviscanada.ca\/en_ca\/wp-json\/wp\/v2\/media\/1412"}],"wp:attachment":[{"href":"https:\/\/wviscanada.ca\/en_ca\/wp-json\/wp\/v2\/media?parent=1411"}],"wp:term":[{"taxonomy":"product_brand","embeddable":true,"href":"https:\/\/wviscanada.ca\/en_ca\/wp-json\/wp\/v2\/product_brand?post=1411"},{"taxonomy":"product_cat","embeddable":true,"href":"https:\/\/wviscanada.ca\/en_ca\/wp-json\/wp\/v2\/product_cat?post=1411"},{"taxonomy":"product_tag","embeddable":true,"href":"https:\/\/wviscanada.ca\/en_ca\/wp-json\/wp\/v2\/product_tag?post=1411"}],"curies":[{"name":"wp","href":"https:\/\/api.w.org\/{rel}","templated":true}]}}