{"id":787,"date":"2019-11-09T06:43:12","date_gmt":"2019-11-09T06:43:12","guid":{"rendered":"https:\/\/visahub.wporganic.com\/elementor\/?page_id=787"},"modified":"2022-02-27T16:36:04","modified_gmt":"2022-02-27T21:36:04","slug":"about-info","status":"publish","type":"page","link":"https:\/\/wviscanada.ca\/en_ca\/about-info\/","title":{"rendered":"About Info"},"content":{"rendered":"<div data-elementor-type=\"wp-page\" data-elementor-id=\"787\" class=\"elementor elementor-787\" data-elementor-post-type=\"page\">\n\t\t\t\t\t\t<section class=\"elementor-section elementor-top-section elementor-element elementor-element-b35a99e elementor-section-boxed elementor-section-height-default elementor-section-height-default\" data-id=\"b35a99e\" data-element_type=\"section\" data-e-type=\"section\">\n\t\t\t\t\t\t<div class=\"elementor-container elementor-column-gap-default\">\n\t\t\t\t\t<div class=\"elementor-column elementor-col-100 elementor-top-column elementor-element elementor-element-59c4a7f\" data-id=\"59c4a7f\" data-element_type=\"column\" data-e-type=\"column\">\n\t\t\t<div class=\"elementor-widget-wrap elementor-element-populated\">\n\t\t\t\t\t\t<div class=\"elementor-element elementor-element-61cf971 elementor-widget elementor-widget-visahub-aboutinfo\" data-id=\"61cf971\" data-element_type=\"widget\" data-e-type=\"widget\" data-widget_type=\"visahub-aboutinfo.default\">\n\t\t\t\t<div class=\"elementor-widget-container\">\n\t\t\t\t\t<div class=\"contentstyle\">\n\n\t\t\t\t    <h2>Cabinet sp\u00e9cialis\u00e9 en immigration canadienne et services offerts par des professionnels r\u00e8glement\u00e9s.<\/h2> <!-- heading title -->\n\n\t\t\t\t    <p class=\"lead\">En immigration, une bonne orientation, c\u2019est la cl\u00e9<\/p> <!-- lead font -->\n\t\t\t\t    \n\t\t\t\t    <p><p>Les droits des personnes qui demandent le statut d'immigrant au Canada sont souvent renforc\u00e9s lorsqu'ils sont repr\u00e9sent\u00e9s par des consultants qualifi\u00e9s. <strong>WOKGOUE VISA &amp; IMMIGRATION SERVICES<\/strong>\u00a0 assiste et repr\u00e9sente des clients particuliers dans leurs d\u00e9marches aupr\u00e8s des autorit\u00e9s canadiennes d\u2019immigration, qu\u2019ils soient d\u00e9j\u00e0 au Canada ou qu\u2019ils souhaitent immigrer de mani\u00e8re temporaire ou permanente au Canada.<\/p><\/p> <!-- description -->\n\t\t\t\t    \n\t\t\t\t    <ul class=\"listnone feature-list-point\"><li><i class=\"fa fa-check-circle\"><\/i><span>Consultations\n \n<\/span><\/li><li><i class=\"fa fa-check-circle\"><\/i><span>Conseils, v\u00e9rification et correction des demandes pr\u00e9par\u00e9es par le client\n \n<\/span><\/li><li><i class=\"fa fa-check-circle\"><\/i><span>Pr\u00e9paration, soumission des demandes au nom du client<\/span><\/li><li><i class=\"fa fa-check-circle\"><\/i><span>Repr\u00e9sentation du client aupr\u00e8s des autorit\u00e9s provinciales et f\u00e9d\u00e9rales d\u2019immigration <\/span><\/li><li><i class=\"fa fa-check-circle\"><\/i><span>R\u00e9examen administratif et clarifications<\/span><\/li><li><i class=\"fa fa-check-circle\"><\/i><span>Demande d\u2019acc\u00e8s \u00e0 l\u2019information <\/span><\/li><li><i class=\"fa fa-check-circle\"><\/i><span>Appels \u00e0 la SI<\/span><\/li><\/ul> <!-- list style -->\n\n\t\t\t\t\t<div class=\"visahub_btn_group\"> <a href=\"#\" class=\"btn btn-primary\">Nos services<\/a> <a href=\"#\" class=\"btn btn-default\">make an appointment<\/a> <\/div> <!-- Button -->\n\n\t\t\t\t<\/div>\t\t\t\t<\/div>\n\t\t\t\t<\/div>\n\t\t\t\t\t<\/div>\n\t\t<\/div>\n\t\t\t\t\t<\/div>\n\t\t<\/section>\n\t\t\t\t<\/div>","protected":false},"excerpt":{"rendered":"<p>Cabinet sp\u00e9cialis\u00e9 en immigration canadienne et services offerts par des professionnels r\u00e8glement\u00e9s. En immigration, une bonne orientation, c\u2019est la cl\u00e9 Les droits des personnes qui demandent le statut d&rsquo;immigrant au Canada sont souvent renforc\u00e9s lorsqu&rsquo;ils sont repr\u00e9sent\u00e9s par des consultants qualifi\u00e9s. WOKGOUE VISA &amp; IMMIGRATION SERVICES\u00a0 assiste et repr\u00e9sente des clients particuliers dans leurs d\u00e9marches [&hellip;]<\/p>\n","protected":false},"author":1,"featured_media":0,"parent":0,"menu_order":0,"comment_status":"closed","ping_status":"closed","template":"","meta":{"footnotes":""},"class_list":["post-787","page","type-page","status-publish","hentry"],"_links":{"self":[{"href":"https:\/\/wviscanada.ca\/en_ca\/wp-json\/wp\/v2\/pages\/787","targetHints":{"allow":["GET"]}}],"collection":[{"href":"https:\/\/wviscanada.ca\/en_ca\/wp-json\/wp\/v2\/pages"}],"about":[{"href":"https:\/\/wviscanada.ca\/en_ca\/wp-json\/wp\/v2\/types\/page"}],"author":[{"embeddable":true,"href":"https:\/\/wviscanada.ca\/en_ca\/wp-json\/wp\/v2\/users\/1"}],"replies":[{"embeddable":true,"href":"https:\/\/wviscanada.ca\/en_ca\/wp-json\/wp\/v2\/comments?post=787"}],"version-history":[{"count":3,"href":"https:\/\/wviscanada.ca\/en_ca\/wp-json\/wp\/v2\/pages\/787\/revisions"}],"predecessor-version":[{"id":1503,"href":"https:\/\/wviscanada.ca\/en_ca\/wp-json\/wp\/v2\/pages\/787\/revisions\/1503"}],"wp:attachment":[{"href":"https:\/\/wviscanada.ca\/en_ca\/wp-json\/wp\/v2\/media?parent=787"}],"curies":[{"name":"wp","href":"https:\/\/api.w.org\/{rel}","templated":true}]}}