{"id":437,"date":"2019-02-21T09:57:48","date_gmt":"2019-02-21T09:57:48","guid":{"rendered":"https:\/\/visahub.wporganic.com\/elementor\/?page_id=437"},"modified":"2022-06-25T12:05:22","modified_gmt":"2022-06-25T16:05:22","slug":"contact-us","status":"publish","type":"page","link":"https:\/\/wviscanada.ca\/en_ca\/contact-us\/","title":{"rendered":"contacts"},"content":{"rendered":"<div data-elementor-type=\"wp-post\" data-elementor-id=\"437\" class=\"elementor elementor-437\" data-elementor-post-type=\"page\">\n\t\t\t\t\t\t<section class=\"elementor-section elementor-top-section elementor-element elementor-element-cd54aab elementor-section-boxed elementor-section-height-default elementor-section-height-default\" data-id=\"cd54aab\" data-element_type=\"section\" data-e-type=\"section\">\n\t\t\t\t\t\t<div class=\"elementor-container elementor-column-gap-default\">\n\t\t\t\t\t<div class=\"elementor-column elementor-col-50 elementor-top-column elementor-element elementor-element-a5fc077\" data-id=\"a5fc077\" data-element_type=\"column\" data-e-type=\"column\">\n\t\t\t<div class=\"elementor-widget-wrap elementor-element-populated\">\n\t\t\t\t\t\t<div class=\"elementor-element elementor-element-78db9ff elementor-widget elementor-widget-weddingcity-contact-form-7\" data-id=\"78db9ff\" data-element_type=\"widget\" data-e-type=\"widget\" data-widget_type=\"weddingcity-contact-form-7.default\">\n\t\t\t\t<div class=\"elementor-widget-container\">\n\t\t\t\t\t\n<div class=\"wpcf7 no-js\" id=\"wpcf7-f436-o1\" lang=\"en-US\" dir=\"ltr\" data-wpcf7-id=\"436\">\n<div class=\"screen-reader-response\"><p role=\"status\" aria-live=\"polite\" aria-atomic=\"true\"><\/p> <ul><\/ul><\/div>\n<form action=\"\/en_ca\/wp-json\/wp\/v2\/pages\/437#wpcf7-f436-o1\" method=\"post\" class=\"wpcf7-form init\" aria-label=\"Contact form\" novalidate=\"novalidate\" data-status=\"init\" data-trp-original-action=\"\/en_ca\/wp-json\/wp\/v2\/pages\/437#wpcf7-f436-o1\">\n<fieldset class=\"hidden-fields-container\"><input type=\"hidden\" name=\"_wpcf7\" value=\"436\" \/><input type=\"hidden\" name=\"_wpcf7_version\" value=\"6.1.5\" \/><input type=\"hidden\" name=\"_wpcf7_locale\" value=\"en_US\" \/><input type=\"hidden\" name=\"_wpcf7_unit_tag\" value=\"wpcf7-f436-o1\" \/><input type=\"hidden\" name=\"_wpcf7_container_post\" value=\"0\" \/><input type=\"hidden\" name=\"_wpcf7_posted_data_hash\" value=\"\" \/>\n<\/fieldset>\n<div class=\"contact-form-head mb30\">\n\t<h2 class=\"mb0\">Leave us your message\n\t<\/h2>\n\t<p>We will respond to you within 24 to 48 hours.\n\t<\/p>\n<\/div>\n<div class=\"form-group\">\n\t<p><label for=\"name\">Full Name <span class=\"required\">*<\/span><\/label><span class=\"wpcf7-form-control-wrap\" data-name=\"yourname\"><input size=\"40\" maxlength=\"400\" class=\"wpcf7-form-control wpcf7-text wpcf7-validates-as-required form-control\" aria-required=\"true\" aria-invalid=\"false\" placeholder=\"Full name\" value=\"\" type=\"text\" name=\"yourname\" \/><\/span>\n\t<\/p>\n<\/div>\n<div class=\"form-group\">\n\t<p><label for=\"mobileno\">Telephone No. <span class=\"required\">*<\/span><\/label><span class=\"wpcf7-form-control-wrap\" data-name=\"MobileNo\"><input size=\"40\" maxlength=\"400\" class=\"wpcf7-form-control wpcf7-text wpcf7-validates-as-required form-control\" aria-required=\"true\" aria-invalid=\"false\" placeholder=\"Telephone Number (Mobile)\" value=\"\" type=\"text\" name=\"MobileNo\" \/><\/span>\n\t<\/p>\n<\/div>\n<div class=\"form-group\">\n\t<p><label for=\"email\">Email address<span class=\"required\">*<\/span><\/label><span class=\"wpcf7-form-control-wrap\" data-name=\"Email\"><input size=\"40\" maxlength=\"400\" class=\"wpcf7-form-control wpcf7-email wpcf7-validates-as-required wpcf7-text wpcf7-validates-as-email form-control\" aria-required=\"true\" aria-invalid=\"false\" placeholder=\"Enter your email\" value=\"\" type=\"email\" name=\"Email\" \/><\/span>\n\t<\/p>\n<\/div>\n<div class=\"form-group\">\n\t<p><label for=\"subject\">Topic<\/label><span class=\"wpcf7-form-control-wrap\" data-name=\"Subject\"><input size=\"40\" maxlength=\"400\" class=\"wpcf7-form-control wpcf7-text wpcf7-validates-as-required form-control\" aria-required=\"true\" aria-invalid=\"false\" placeholder=\"Topic\" value=\"\" type=\"text\" name=\"Subject\" \/><\/span>\n\t<\/p>\n<\/div>\n<div class=\"form-group\">\n\t<p><label for=\"message\">Message<\/label><span class=\"wpcf7-form-control-wrap\" data-name=\"Message\"><textarea cols=\"40\" rows=\"4\" maxlength=\"2000\" class=\"wpcf7-form-control wpcf7-textarea wpcf7-validates-as-required form-control\" aria-required=\"true\" aria-invalid=\"false\" placeholder=\"Message\" name=\"Message\"><\/textarea><\/span>\n\t<\/p>\n<\/div>\n<div class=\"form-group\">\n\t<p><input class=\"wpcf7-form-control wpcf7-submit has-spinner btn btn-default\" type=\"submit\" value=\"Submit\" \/>\n\t<\/p>\n<\/div><div class=\"wpcf7-response-output\" aria-hidden=\"true\"><\/div>\n<input type=\"hidden\" name=\"trp-form-language\" value=\"en_ca\"\/><\/form>\n<\/div>\n\t\t\t\t<\/div>\n\t\t\t\t<\/div>\n\t\t\t\t\t<\/div>\n\t\t<\/div>\n\t\t\t\t<div class=\"elementor-column elementor-col-50 elementor-top-column elementor-element elementor-element-348b30c\" data-id=\"348b30c\" data-element_type=\"column\" data-e-type=\"column\">\n\t\t\t<div class=\"elementor-widget-wrap elementor-element-populated\">\n\t\t\t\t\t\t<div class=\"elementor-element elementor-element-b6a0077 elementor-widget elementor-widget-visahub-features\" data-id=\"b6a0077\" data-element_type=\"widget\" data-e-type=\"widget\" data-widget_type=\"visahub-features.default\">\n\t\t\t\t<div class=\"elementor-widget-container\">\n\t\t\t\t\t<div class=\"feature-blurb mb20\">\r\n\t\t\t\t\t\t    <div class=\"feature-content\">\r\n\t\t\t\t\t\t        <h3 class=\"feature-title mb10\">Our contact details<\/h3> \r\n\t\t\t\t\t\t    <\/div>\r\n\t\t\t\t\t\t<\/div>\t\t\t\t<\/div>\n\t\t\t\t<\/div>\n\t\t\t\t<div class=\"elementor-element elementor-element-ba350ea elementor-widget elementor-widget-visahub-features\" data-id=\"ba350ea\" data-element_type=\"widget\" data-e-type=\"widget\" data-widget_type=\"visahub-features.default\">\n\t\t\t\t<div class=\"elementor-widget-container\">\n\t\t\t\t\t<div class=\"feature-blurb mb20\">\r\n\t\t\t\t\t\t    <div class=\"feature-content\">\r\n\t\t\t\t\t\t        <h3 class=\"feature-title mb10\">Telephone \/ WhatsApp<\/h3> <p>+1 (819) 444-6691<\/p>\r\n\t\t\t\t\t\t    <\/div>\r\n\t\t\t\t\t\t<\/div>\t\t\t\t<\/div>\n\t\t\t\t<\/div>\n\t\t\t\t<section class=\"elementor-section elementor-inner-section elementor-element elementor-element-6322114 elementor-section-boxed elementor-section-height-default elementor-section-height-default\" data-id=\"6322114\" data-element_type=\"section\" data-e-type=\"section\">\n\t\t\t\t\t\t<div class=\"elementor-container elementor-column-gap-no\">\n\t\t\t\t\t<div class=\"elementor-column elementor-col-100 elementor-inner-column elementor-element elementor-element-d07b8b4\" data-id=\"d07b8b4\" data-element_type=\"column\" data-e-type=\"column\">\n\t\t\t<div class=\"elementor-widget-wrap elementor-element-populated\">\n\t\t\t\t\t\t<div class=\"elementor-element elementor-element-4b470ff elementor-widget elementor-widget-visahub-features\" data-id=\"4b470ff\" data-element_type=\"widget\" data-e-type=\"widget\" data-widget_type=\"visahub-features.default\">\n\t\t\t\t<div class=\"elementor-widget-container\">\n\t\t\t\t\t<div class=\"feature-blurb mb20\">\r\n\t\t\t\t\t\t    <div class=\"feature-content\">\r\n\t\t\t\t\t\t        <h3 class=\"feature-title mb10\">E-mail<\/h3> <p>info@wviscanada.ca<\/p>\r\n\t\t\t\t\t\t    <\/div>\r\n\t\t\t\t\t\t<\/div>\t\t\t\t<\/div>\n\t\t\t\t<\/div>\n\t\t\t\t\t<\/div>\n\t\t<\/div>\n\t\t\t\t\t<\/div>\n\t\t<\/section>\n\t\t\t\t<section class=\"elementor-section elementor-inner-section elementor-element elementor-element-cba076f elementor-section-boxed elementor-section-height-default elementor-section-height-default\" data-id=\"cba076f\" data-element_type=\"section\" data-e-type=\"section\">\n\t\t\t\t\t\t<div class=\"elementor-container elementor-column-gap-no\">\n\t\t\t\t\t<div class=\"elementor-column elementor-col-50 elementor-inner-column elementor-element elementor-element-8e264b1\" data-id=\"8e264b1\" data-element_type=\"column\" data-e-type=\"column\">\n\t\t\t<div class=\"elementor-widget-wrap elementor-element-populated\">\n\t\t\t\t\t\t<div class=\"elementor-element elementor-element-50af55e elementor-widget elementor-widget-visahub-features\" data-id=\"50af55e\" data-element_type=\"widget\" data-e-type=\"widget\" data-widget_type=\"visahub-features.default\">\n\t\t\t\t<div class=\"elementor-widget-container\">\n\t\t\t\t\t<div class=\"feature-blurb mb20\">\r\n\t\t\t\t\t\t    <div class=\"feature-content\">\r\n\t\t\t\t\t\t        <h3 class=\"feature-title mb10\">inquire<\/h3> <p>info@wviscanada.ca<\/p>\r\n\t\t\t\t\t\t    <\/div>\r\n\t\t\t\t\t\t<\/div>\t\t\t\t<\/div>\n\t\t\t\t<\/div>\n\t\t\t\t\t<\/div>\n\t\t<\/div>\n\t\t\t\t<div class=\"elementor-column elementor-col-50 elementor-inner-column elementor-element elementor-element-e3e764d\" data-id=\"e3e764d\" data-element_type=\"column\" data-e-type=\"column\">\n\t\t\t<div class=\"elementor-widget-wrap elementor-element-populated\">\n\t\t\t\t\t\t<div class=\"elementor-element elementor-element-04fb7c8 elementor-widget elementor-widget-visahub-features\" data-id=\"04fb7c8\" data-element_type=\"widget\" data-e-type=\"widget\" data-widget_type=\"visahub-features.default\">\n\t\t\t\t<div class=\"elementor-widget-container\">\n\t\t\t\t\t<div class=\"feature-blurb mb20\">\r\n\t\t\t\t\t\t    <div class=\"feature-content\">\r\n\t\t\t\t\t\t        <h3 class=\"feature-title mb10\">Send your comments<\/h3> <p>info@wviscanada.ca<\/p>\r\n\t\t\t\t\t\t    <\/div>\r\n\t\t\t\t\t\t<\/div>\t\t\t\t<\/div>\n\t\t\t\t<\/div>\n\t\t\t\t\t<\/div>\n\t\t<\/div>\n\t\t\t\t\t<\/div>\n\t\t<\/section>\n\t\t\t\t<section class=\"elementor-section elementor-inner-section elementor-element elementor-element-e647d81 elementor-section-boxed elementor-section-height-default elementor-section-height-default\" data-id=\"e647d81\" data-element_type=\"section\" data-e-type=\"section\">\n\t\t\t\t\t\t<div class=\"elementor-container elementor-column-gap-no\">\n\t\t\t\t\t<div class=\"elementor-column elementor-col-50 elementor-inner-column elementor-element elementor-element-7e7030a\" data-id=\"7e7030a\" data-element_type=\"column\" data-e-type=\"column\">\n\t\t\t<div class=\"elementor-widget-wrap elementor-element-populated\">\n\t\t\t\t\t\t<div class=\"elementor-element elementor-element-2e55596 elementor-widget elementor-widget-visahub-features\" data-id=\"2e55596\" data-element_type=\"widget\" data-e-type=\"widget\" data-widget_type=\"visahub-features.default\">\n\t\t\t\t<div class=\"elementor-widget-container\">\n\t\t\t\t\t<div class=\"feature-blurb mb20\">\r\n\t\t\t\t\t\t    <div class=\"feature-content\">\r\n\t\t\t\t\t\t        <h3 class=\"feature-title mb10\">Partnership<\/h3> <p>info@wviscanada.ca<\/p>\r\n\t\t\t\t\t\t    <\/div>\r\n\t\t\t\t\t\t<\/div>\t\t\t\t<\/div>\n\t\t\t\t<\/div>\n\t\t\t\t\t<\/div>\n\t\t<\/div>\n\t\t\t\t<div class=\"elementor-column elementor-col-50 elementor-inner-column elementor-element elementor-element-1cfae49\" data-id=\"1cfae49\" data-element_type=\"column\" data-e-type=\"column\">\n\t\t\t<div class=\"elementor-widget-wrap elementor-element-populated\">\n\t\t\t\t\t\t<div class=\"elementor-element elementor-element-d0e6c9c elementor-widget elementor-widget-visahub-features\" data-id=\"d0e6c9c\" data-element_type=\"widget\" data-e-type=\"widget\" data-widget_type=\"visahub-features.default\">\n\t\t\t\t<div class=\"elementor-widget-container\">\n\t\t\t\t\t<div class=\"feature-blurb mb20\">\r\n\t\t\t\t\t\t    <div class=\"feature-content\">\r\n\t\t\t\t\t\t        <h3 class=\"feature-title mb10\">Complaints<\/h3> <p>info@wviscanada.ca<\/p>\r\n\t\t\t\t\t\t    <\/div>\r\n\t\t\t\t\t\t<\/div>\t\t\t\t<\/div>\n\t\t\t\t<\/div>\n\t\t\t\t\t<\/div>\n\t\t<\/div>\n\t\t\t\t\t<\/div>\n\t\t<\/section>\n\t\t\t\t<section class=\"elementor-section elementor-inner-section elementor-element elementor-element-fb3c24d elementor-section-boxed elementor-section-height-default elementor-section-height-default\" data-id=\"fb3c24d\" data-element_type=\"section\" data-e-type=\"section\">\n\t\t\t\t\t\t<div class=\"elementor-container elementor-column-gap-no\">\n\t\t\t\t\t<div class=\"elementor-column elementor-col-100 elementor-inner-column elementor-element elementor-element-05747d7\" data-id=\"05747d7\" data-element_type=\"column\" data-e-type=\"column\">\n\t\t\t<div class=\"elementor-widget-wrap elementor-element-populated\">\n\t\t\t\t\t\t<div class=\"elementor-element elementor-element-f4282c1 elementor-widget elementor-widget-visahub-features\" data-id=\"f4282c1\" data-element_type=\"widget\" data-e-type=\"widget\" data-widget_type=\"visahub-features.default\">\n\t\t\t\t<div class=\"elementor-widget-container\">\n\t\t\t\t\t<div class=\"feature-blurb mb20\">\r\n\t\t\t\t\t\t    <div class=\"feature-content\">\r\n\t\t\t\t\t\t        <h3 class=\"feature-title mb10\">The head office<\/h3> <p>803 Labrosse Boulevard, Gatineau (QC), J8R 1G6, CANADA<\/p>\r\n\t\t\t\t\t\t    <\/div>\r\n\t\t\t\t\t\t<\/div>\t\t\t\t<\/div>\n\t\t\t\t<\/div>\n\t\t\t\t\t<\/div>\n\t\t<\/div>\n\t\t\t\t\t<\/div>\n\t\t<\/section>\n\t\t\t\t\t<\/div>\n\t\t<\/div>\n\t\t\t\t\t<\/div>\n\t\t<\/section>\n\t\t\t\t<section class=\"elementor-section elementor-top-section elementor-element elementor-element-eea8663 elementor-section-full_width elementor-section-height-min-height elementor-section-height-default elementor-section-items-middle\" data-id=\"eea8663\" data-element_type=\"section\" data-e-type=\"section\">\n\t\t\t\t\t\t<div class=\"elementor-container elementor-column-gap-no\">\n\t\t\t\t\t<div class=\"elementor-column elementor-col-100 elementor-top-column elementor-element elementor-element-6b5a1ae\" data-id=\"6b5a1ae\" data-element_type=\"column\" data-e-type=\"column\">\n\t\t\t<div class=\"elementor-widget-wrap elementor-element-populated\">\n\t\t\t\t\t\t<div class=\"elementor-element elementor-element-fc6360f elementor-widget elementor-widget-google_maps\" data-id=\"fc6360f\" data-element_type=\"widget\" data-e-type=\"widget\" data-widget_type=\"google_maps.default\">\n\t\t\t\t\t\t\t<div class=\"elementor-custom-embed\">\n\t\t\t<iframe loading=\"lazy\"\n\t\t\t\t\tsrc=\"https:\/\/www.google.com\/maps\/embed\/v1\/place?key=AIzaSyD1MZYlEdURtlWbGlMnVoReKeRgB_I_1SU&#038;q=803%20Boulevard%20Labrosse%20%20Gatineau%20%28QC%29%2C%20J8R%201G6&#038;zoom=10\"\n\t\t\t\t\ttitle=\"803 Boulevard Labrosse Gatineau (QC), J8R 1G6\"\n\t\t\t\t\taria-label=\"803 Boulevard Labrosse Gatineau (QC), J8R 1G6\"\n\t\t\t><\/iframe>\n\t\t<\/div>\n\t\t\t\t\t\t<\/div>\n\t\t\t\t\t<\/div>\n\t\t<\/div>\n\t\t\t\t\t<\/div>\n\t\t<\/section>\n\t\t\t\t<\/div>","protected":false},"excerpt":{"rendered":"<p>Leave a Message Here We will connect you to VisaPress Consultant ASAP. Name * Mobile No * Email Address * Subject Message Nos coordonn\u00e9es T\u00e9l\u00e9phone \/ WhatsApp +1 (819) 444-6691 E-mail info@wviscanada.ca Renseignez-vous info@wviscanada.ca Envoyez vos commentaires info@wviscanada.ca Partenariat info@wviscanada.ca R\u00e9clamations info@wviscanada.ca Si\u00e8ge social 803, Boulevard Labrosse, Gatineau (QC), J8R 1G6, CANADA<\/p>","protected":false},"author":1,"featured_media":0,"parent":0,"menu_order":0,"comment_status":"closed","ping_status":"closed","template":"","meta":{"footnotes":""},"class_list":["post-437","page","type-page","status-publish","hentry"],"_links":{"self":[{"href":"https:\/\/wviscanada.ca\/en_ca\/wp-json\/wp\/v2\/pages\/437","targetHints":{"allow":["GET"]}}],"collection":[{"href":"https:\/\/wviscanada.ca\/en_ca\/wp-json\/wp\/v2\/pages"}],"about":[{"href":"https:\/\/wviscanada.ca\/en_ca\/wp-json\/wp\/v2\/types\/page"}],"author":[{"embeddable":true,"href":"https:\/\/wviscanada.ca\/en_ca\/wp-json\/wp\/v2\/users\/1"}],"replies":[{"embeddable":true,"href":"https:\/\/wviscanada.ca\/en_ca\/wp-json\/wp\/v2\/comments?post=437"}],"version-history":[{"count":17,"href":"https:\/\/wviscanada.ca\/en_ca\/wp-json\/wp\/v2\/pages\/437\/revisions"}],"predecessor-version":[{"id":1858,"href":"https:\/\/wviscanada.ca\/en_ca\/wp-json\/wp\/v2\/pages\/437\/revisions\/1858"}],"wp:attachment":[{"href":"https:\/\/wviscanada.ca\/en_ca\/wp-json\/wp\/v2\/media?parent=437"}],"curies":[{"name":"wp","href":"https:\/\/api.w.org\/{rel}","templated":true}]}}