{"id":363,"date":"2019-02-21T06:50:38","date_gmt":"2019-02-21T11:50:38","guid":{"rendered":"https:\/\/visahub.wporganic.com\/elementor\/?page_id=363"},"modified":"2024-08-23T23:16:11","modified_gmt":"2024-08-24T03:16:11","slug":"founder-page","status":"publish","type":"page","link":"https:\/\/wviscanada.ca\/en_ca\/founder-page\/","title":{"rendered":"Your servant"},"content":{"rendered":"<div data-elementor-type=\"wp-post\" data-elementor-id=\"363\" class=\"elementor elementor-363\" data-elementor-post-type=\"page\">\n\t\t\t\t\t\t<section class=\"elementor-section elementor-top-section elementor-element elementor-element-1a5fbbe elementor-section-boxed elementor-section-height-default elementor-section-height-default\" data-id=\"1a5fbbe\" data-element_type=\"section\" data-e-type=\"section\">\n\t\t\t\t\t\t<div class=\"elementor-container elementor-column-gap-default\">\n\t\t\t\t\t<div class=\"elementor-column elementor-col-100 elementor-top-column elementor-element elementor-element-b8ee755\" data-id=\"b8ee755\" data-element_type=\"column\" data-e-type=\"column\">\n\t\t\t<div class=\"elementor-widget-wrap elementor-element-populated\">\n\t\t\t\t\t\t<section class=\"elementor-section elementor-inner-section elementor-element elementor-element-d64549e elementor-section-boxed elementor-section-height-default elementor-section-height-default\" data-id=\"d64549e\" data-element_type=\"section\" data-e-type=\"section\">\n\t\t\t\t\t\t<div class=\"elementor-container elementor-column-gap-default\">\n\t\t\t\t\t<div class=\"elementor-column elementor-col-50 elementor-inner-column elementor-element elementor-element-7b1c710\" data-id=\"7b1c710\" data-element_type=\"column\" data-e-type=\"column\">\n\t\t\t<div class=\"elementor-widget-wrap elementor-element-populated\">\n\t\t\t\t\t\t<div class=\"elementor-element elementor-element-48f705b elementor-widget elementor-widget-image\" data-id=\"48f705b\" data-element_type=\"widget\" data-e-type=\"widget\" data-widget_type=\"image.default\">\n\t\t\t\t\t\t\t\t\t\t\t\t<figure class=\"wp-caption\">\n\t\t\t\t\t\t\t\t\t\t<img fetchpriority=\"high\" decoding=\"async\" width=\"1024\" height=\"902\" src=\"https:\/\/wviscanada.ca\/wp-content\/uploads\/2023\/12\/Ceny-CCIC-1024x902.jpg\" class=\"attachment-large size-large wp-image-2811 img-responsive img-shadow\" alt=\"\" srcset=\"https:\/\/wviscanada.ca\/wp-content\/uploads\/2023\/12\/Ceny-CCIC-1024x902.jpg 1024w, https:\/\/wviscanada.ca\/wp-content\/uploads\/2023\/12\/Ceny-CCIC-300x264.jpg 300w, https:\/\/wviscanada.ca\/wp-content\/uploads\/2023\/12\/Ceny-CCIC-768x676.jpg 768w, https:\/\/wviscanada.ca\/wp-content\/uploads\/2023\/12\/Ceny-CCIC-14x12.jpg 14w, https:\/\/wviscanada.ca\/wp-content\/uploads\/2023\/12\/Ceny-CCIC-1320x1162.jpg 1320w, https:\/\/wviscanada.ca\/wp-content\/uploads\/2023\/12\/Ceny-CCIC-600x528.jpg 600w, https:\/\/wviscanada.ca\/wp-content\/uploads\/2023\/12\/Ceny-CCIC.jpg 1348w\" sizes=\"(max-width: 1024px) 100vw, 1024px\" \/>\t\t\t\t\t\t\t\t\t\t\t<figcaption class=\"widget-image-caption wp-caption-text\"><h2>C\u00e9lestin WOKGOUE<\/h2>DESSBusiness Administration<\/figcaption>\n\t\t\t\t\t\t\t\t\t\t<\/figure>\n\t\t\t\t\t\t\t\t\t<\/div>\n\t\t\t\t<div class=\"elementor-element elementor-element-bdedeaa elementor-cta--valign-middle elementor-cta--skin-classic elementor-animated-content elementor-widget elementor-widget-call-to-action\" data-id=\"bdedeaa\" data-element_type=\"widget\" data-e-type=\"widget\" data-widget_type=\"call-to-action.default\">\n\t\t\t\t<div class=\"elementor-widget-container\">\n\t\t\t\t\t\t\t<div class=\"elementor-cta\">\n\t\t\t\t\t<div class=\"elementor-cta__bg-wrapper\">\n\t\t\t\t<div class=\"elementor-cta__bg elementor-bg\" style=\"background-image: url(https:\/\/wviscanada.ca\/wp-content\/uploads\/2024\/03\/CRIC-CISR_FR_HORZ_CLR_POS-1024x361.png);\" role=\"img\" aria-label=\"CRIC-CISR_FR_HORZ_CLR_POS\"><\/div>\n\t\t\t\t<div class=\"elementor-cta__bg-overlay\"><\/div>\n\t\t\t<\/div>\n\t\t\t\t\t\t\t<div class=\"elementor-cta__content\">\n\t\t\t\t\n\t\t\t\t\n\t\t\t\t\t\t\t\t\t<div class=\"elementor-cta__description elementor-cta__content-item elementor-content-item\">\n\t\t\t\t\t\tPermis CCIC # <b>R708543<\/b>\t\t\t\t\t<\/div>\n\t\t\t\t\n\t\t\t\t\t\t\t\t\t<div class=\"elementor-cta__button-wrapper elementor-cta__content-item elementor-content-item\">\n\t\t\t\t\t<a class=\"elementor-cta__button elementor-button elementor-size-md\" href=\"https:\/\/college-ic.ca\/protecting-the-public\/find-an-immigration-consultant\">\n\t\t\t\t\t\tV\u00e9rifiez avec mon nom\t\t\t\t\t<\/a>\n\t\t\t\t\t<\/div>\n\t\t\t\t\t\t\t<\/div>\n\t\t\t\t\t\t<\/div>\n\t\t\t\t\t\t<\/div>\n\t\t\t\t<\/div>\n\t\t\t\t\t<\/div>\n\t\t<\/div>\n\t\t\t\t<div class=\"elementor-column elementor-col-50 elementor-inner-column elementor-element elementor-element-50584bf\" data-id=\"50584bf\" data-element_type=\"column\" data-e-type=\"column\" data-settings=\"{&quot;background_background&quot;:&quot;classic&quot;}\">\n\t\t\t<div class=\"elementor-widget-wrap elementor-element-populated\">\n\t\t\t\t\t<div class=\"elementor-background-overlay\"><\/div>\n\t\t\t\t\t\t<div class=\"elementor-element elementor-element-d517a07 elementor-widget elementor-widget-text-editor\" data-id=\"d517a07\" data-element_type=\"widget\" data-e-type=\"widget\" data-widget_type=\"text-editor.default\">\n\t\t\t\t\t\t\t\t\t<p>Mon nom est C\u00e9lestin Wokgou\u00e9, je suis Consultant R\u00e9glement\u00e9 en Immigration Canadienne (CRIC), membre en r\u00e8gle du <a href=\"https:\/\/college-ic.ca\/\"><span style=\"color: #0000ff;\">College of Immigration and Citizenship Consultants (CCIC)<\/span><\/a>. Je suis \u00e9galement membre de l\u2019<a href=\"https:\/\/www.capic.ca\"><span style=\"color: #0000ff;\">Canadian Association of Immigration Professionals (CAIPC)<\/span>)<\/a>, membre de la <a href=\"https:\/\/ccgatineau.ca\/\"><span style=\"color: #0000ff;\">Gatineau Chamber of Commerce<\/span><\/a> and <a href=\"https:\/\/www.assermentation.justice.gouv.qc.ca\/servicespublicsconsultation\/commissaires\/proximite\/criteres.aspx\"><span style=\"color: #0000ff;\">Commissioner for Oaths for Quebec and outside Quebec<\/span><\/a>.<\/p><p>Apr\u00e8s mes \u00c9tudes Sup\u00e9rieures Sp\u00e9cialis\u00e9es en Administration des affaires \u00e0 l&rsquo;ESSEC de Douala au Cameroun, mon parcours international m\u2019a men\u00e9 d&rsquo;abord au Royaume-Uni, puis en France o\u00f9 j&rsquo;ai r\u00e9sid\u00e9 12 ans. L\u2019entrepreneur que j&rsquo;\u00e9tais devenu a ensuite choisi de poursuivre son exp\u00e9rience migratoire au Canada.<\/p><p>Durant ce long parcours d\u2019immigrant,\u00a0 j&rsquo;ai pris conscience de la complexit\u00e9 de certains programmes d\u2019immigration, notamment canadiennes.<\/p><p>C&rsquo;est donc naturellement que, par souci d\u2019aider les gens \u00e0 naviguer dans cette complexit\u00e9 que\u00a0 j\u2019ai repris des \u00e9tudes menant \u00e0 l\u2019obtention, avec mention, du Dipl\u00f4me de Consultant en Immigration Canadienne, pour ensuite int\u00e9grer cette passionnante profession.<\/p><p>En fondant mon propre cabinet et en obtenant la reconnaissance de la province canadienne du Qu\u00e9bec, doubl\u00e9e d\u2019un permis d\u2019agence de recrutement de travailleurs \u00e9trangers temporaires, je mets toute l\u2019exp\u00e9rience accumul\u00e9e dans mon parcours migratoire et toute mon expertise au service de mes clients, particuliers et entreprises canadiennes.<\/p><p>Ma discr\u00e9tion, mon expertise et surtout mon attachement \u00e0 la d\u00e9ontologie professionnelle, sont autant d\u2019atouts qui ont fond\u00e9 le cabinet Wokgou\u00e9 Visa &amp; Immigration Services.<\/p><p>Si vous avez des pr\u00e9occupations en mati\u00e8re d\u2019immigration Canadienne, ou si vous \u00eates un entrepreneur canadien qui peine \u00e0 recruter de la main d\u2019\u0153uvre qualifi\u00e9e, mes partenaires et moi aurons toujours des solutions \u00e0 vous proposer.<\/p><p><span style=\"color: #ff0000;\"><strong>Contact us to tell us about your needs.<\/strong><\/span><\/p>\t\t\t\t\t\t\t\t<\/div>\n\t\t\t\t\t<\/div>\n\t\t<\/div>\n\t\t\t\t\t<\/div>\n\t\t<\/section>\n\t\t\t\t\t<\/div>\n\t\t<\/div>\n\t\t\t\t\t<\/div>\n\t\t<\/section>\n\t\t\t\t<section class=\"elementor-section elementor-top-section elementor-element elementor-element-1534762 elementor-section-boxed elementor-section-height-default elementor-section-height-default\" data-id=\"1534762\" data-element_type=\"section\" data-e-type=\"section\">\n\t\t\t\t\t\t<div class=\"elementor-container elementor-column-gap-default\">\n\t\t\t\t\t<div class=\"elementor-column elementor-col-50 elementor-top-column elementor-element elementor-element-1e772d1\" data-id=\"1e772d1\" data-element_type=\"column\" data-e-type=\"column\">\n\t\t\t<div class=\"elementor-widget-wrap elementor-element-populated\">\n\t\t\t\t\t\t<div class=\"elementor-element elementor-element-12a0ebe elementor-widget__width-initial elementor-widget elementor-widget-html\" data-id=\"12a0ebe\" data-element_type=\"widget\" data-e-type=\"widget\" data-widget_type=\"html.default\">\n\t\t\t\t\t<a target=\"_blank\" href=\"https:\/\/threebestrated.ca\/immigration-consultants-in-gatineau-qc\" style=\"display:inline-block; border:0;\"><img decoding=\"async\" style=\"width:350px; display:block;\" width=\"350\" src=\"https:\/\/threebestrated.ca\/awards\/immigration_consultants-gatineau-2023-drk.svg\" alt=\"Best Immigration consultants in Gatineau\" \/><\/a>\t\t\t\t<\/div>\n\t\t\t\t\t<\/div>\n\t\t<\/div>\n\t\t\t\t<div class=\"elementor-column elementor-col-50 elementor-top-column elementor-element elementor-element-76c5188\" data-id=\"76c5188\" data-element_type=\"column\" data-e-type=\"column\">\n\t\t\t<div class=\"elementor-widget-wrap elementor-element-populated\">\n\t\t\t\t\t\t<div class=\"elementor-element elementor-element-5cb7c2f elementor-widget elementor-widget-image\" data-id=\"5cb7c2f\" data-element_type=\"widget\" data-e-type=\"widget\" data-widget_type=\"image.default\">\n\t\t\t\t\t\t\t\t\t\t\t\t\t\t\t<img decoding=\"async\" width=\"300\" height=\"300\" src=\"https:\/\/wviscanada.ca\/wp-content\/uploads\/2024\/06\/Winner-Badge-300x300.png\" class=\"attachment-medium size-medium wp-image-2890 img-responsive img-shadow\" alt=\"\" srcset=\"https:\/\/wviscanada.ca\/wp-content\/uploads\/2024\/06\/Winner-Badge-300x300.png 300w, https:\/\/wviscanada.ca\/wp-content\/uploads\/2024\/06\/Winner-Badge-1020x1024.png 1020w, https:\/\/wviscanada.ca\/wp-content\/uploads\/2024\/06\/Winner-Badge-150x150.png 150w, https:\/\/wviscanada.ca\/wp-content\/uploads\/2024\/06\/Winner-Badge-768x771.png 768w, https:\/\/wviscanada.ca\/wp-content\/uploads\/2024\/06\/Winner-Badge-12x12.png 12w, https:\/\/wviscanada.ca\/wp-content\/uploads\/2024\/06\/Winner-Badge-400x400.png 400w, https:\/\/wviscanada.ca\/wp-content\/uploads\/2024\/06\/Winner-Badge-100x100.png 100w, https:\/\/wviscanada.ca\/wp-content\/uploads\/2024\/06\/Winner-Badge.png 1200w\" sizes=\"(max-width: 300px) 100vw, 300px\" \/>\t\t\t\t\t\t\t\t\t\t\t\t\t\t\t<\/div>\n\t\t\t\t\t<\/div>\n\t\t<\/div>\n\t\t\t\t\t<\/div>\n\t\t<\/section>\n\t\t\t\t<\/div>","protected":false},"excerpt":{"rendered":"<p>C\u00e9lestin WOKGOUE DESS, Administration des affaires Permis CCIC # R708543 V\u00e9rifiez avec mon nom Mon nom est C\u00e9lestin Wokgou\u00e9, je suis Consultant R\u00e9glement\u00e9 en Immigration Canadienne (CRIC), membre en r\u00e8gle du Coll\u00e8ge des Consultants en Immigration et en Citoyennet\u00e9 (CCIC). Je suis \u00e9galement membre de l\u2019Association Canadienne des Professionnels en Immigration (ACCPI), membre de la [&hellip;]<\/p>\n","protected":false},"author":1,"featured_media":0,"parent":0,"menu_order":0,"comment_status":"closed","ping_status":"closed","template":"","meta":{"footnotes":""},"class_list":["post-363","page","type-page","status-publish","hentry"],"_links":{"self":[{"href":"https:\/\/wviscanada.ca\/en_ca\/wp-json\/wp\/v2\/pages\/363","targetHints":{"allow":["GET"]}}],"collection":[{"href":"https:\/\/wviscanada.ca\/en_ca\/wp-json\/wp\/v2\/pages"}],"about":[{"href":"https:\/\/wviscanada.ca\/en_ca\/wp-json\/wp\/v2\/types\/page"}],"author":[{"embeddable":true,"href":"https:\/\/wviscanada.ca\/en_ca\/wp-json\/wp\/v2\/users\/1"}],"replies":[{"embeddable":true,"href":"https:\/\/wviscanada.ca\/en_ca\/wp-json\/wp\/v2\/comments?post=363"}],"version-history":[{"count":63,"href":"https:\/\/wviscanada.ca\/en_ca\/wp-json\/wp\/v2\/pages\/363\/revisions"}],"predecessor-version":[{"id":2938,"href":"https:\/\/wviscanada.ca\/en_ca\/wp-json\/wp\/v2\/pages\/363\/revisions\/2938"}],"wp:attachment":[{"href":"https:\/\/wviscanada.ca\/en_ca\/wp-json\/wp\/v2\/media?parent=363"}],"curies":[{"name":"wp","href":"https:\/\/api.w.org\/{rel}","templated":true}]}}