{"id":348,"date":"2019-02-21T06:21:58","date_gmt":"2019-02-21T06:21:58","guid":{"rendered":"https:\/\/visahub.wporganic.com\/elementor\/?page_id=348"},"modified":"2022-07-13T18:49:58","modified_gmt":"2022-07-13T22:49:58","slug":"about-us-3","status":"publish","type":"page","link":"https:\/\/wviscanada.ca\/en_ca\/about-us-3\/","title":{"rendered":"About"},"content":{"rendered":"<div data-elementor-type=\"wp-post\" data-elementor-id=\"348\" class=\"elementor elementor-348\" data-elementor-post-type=\"page\">\n\t\t\t\t\t\t<section class=\"elementor-section elementor-top-section elementor-element elementor-element-945594e elementor-section-boxed elementor-section-height-default elementor-section-height-default\" data-id=\"945594e\" data-element_type=\"section\" data-e-type=\"section\">\n\t\t\t\t\t\t<div class=\"elementor-container elementor-column-gap-default\">\n\t\t\t\t\t<div class=\"elementor-column elementor-col-100 elementor-top-column elementor-element elementor-element-48f4622\" data-id=\"48f4622\" data-element_type=\"column\" data-e-type=\"column\">\n\t\t\t<div class=\"elementor-widget-wrap elementor-element-populated\">\n\t\t\t\t\t\t<div class=\"elementor-element elementor-element-ac6cd97 elementor-widget elementor-widget-visahub-aboutinfo\" data-id=\"ac6cd97\" data-element_type=\"widget\" data-e-type=\"widget\" data-widget_type=\"visahub-aboutinfo.default\">\n\t\t\t\t<div class=\"elementor-widget-container\">\n\t\t\t\t\t<div class=\"contentstyle\">\n\n\t\t\t\t    <h2><span style=\"display: flex; justify-content: center\">About our immigration consulting firm<\/span>\n<\/h2> <!-- heading title -->\n\n\t\t\t\t    <p class=\"lead\">\n\n<\/p> <!-- lead font -->\n\t\t\t\t    \n\t\t\t\t    <p><div style=\"text-align: left;\">Wokgou\u00e9 Visa &amp; Immigration Services is a Canadian immigration consulting firm, headquartered in Gatineau (Quebec).\u00a0<\/div><div style=\"text-align: left;\">The firm&#039;s team advises and represents, without distinction, all foreign nationals who use its services, throughout the process of their application for immigration to Canada.<\/div><div style=\"text-align: left;\">Whether you wish to obtain permanent residence, then Canadian citizenship, or whether you simply intend to stay temporarily in Canada as a visitor, student or worker, come and benefit from our personalized professional services.<\/div><\/p> <!-- description -->\n\t\t\t\t    \n\t\t\t\t     <!-- list style -->\n\n\t\t\t\t\t <!-- Button -->\n\n\t\t\t\t<\/div>\t\t\t\t<\/div>\n\t\t\t\t<\/div>\n\t\t\t\t\t<\/div>\n\t\t<\/div>\n\t\t\t\t\t<\/div>\n\t\t<\/section>\n\t\t\t\t<section class=\"elementor-section elementor-top-section elementor-element elementor-element-2d531e9 elementor-section-full_width elementor-section-height-default elementor-section-height-default\" data-id=\"2d531e9\" data-element_type=\"section\" data-e-type=\"section\">\n\t\t\t\t\t\t<div class=\"elementor-container elementor-column-gap-no\">\n\t\t\t\t\t<div class=\"elementor-column elementor-col-50 elementor-top-column elementor-element elementor-element-dedd635\" data-id=\"dedd635\" data-element_type=\"column\" data-e-type=\"column\">\n\t\t\t<div class=\"elementor-widget-wrap elementor-element-populated\">\n\t\t\t\t\t\t<div class=\"elementor-element elementor-element-e72275b elementor-widget elementor-widget-image\" data-id=\"e72275b\" data-element_type=\"widget\" data-e-type=\"widget\" data-widget_type=\"image.default\">\n\t\t\t\t\t\t\t\t\t\t\t\t\t\t\t<img fetchpriority=\"high\" decoding=\"async\" width=\"1024\" height=\"683\" src=\"https:\/\/wviscanada.ca\/wp-content\/uploads\/2022\/01\/linkedin-sales-solutions-W3Jl3jREpDY-unsplash-1024x683.jpg\" class=\"attachment-large size-large wp-image-1238 img-responsive img-shadow\" alt=\"\" srcset=\"https:\/\/wviscanada.ca\/wp-content\/uploads\/2022\/01\/linkedin-sales-solutions-W3Jl3jREpDY-unsplash-1024x683.jpg 1024w, https:\/\/wviscanada.ca\/wp-content\/uploads\/2022\/01\/linkedin-sales-solutions-W3Jl3jREpDY-unsplash-scaled-600x400.jpg 600w, https:\/\/wviscanada.ca\/wp-content\/uploads\/2022\/01\/linkedin-sales-solutions-W3Jl3jREpDY-unsplash-300x200.jpg 300w, https:\/\/wviscanada.ca\/wp-content\/uploads\/2022\/01\/linkedin-sales-solutions-W3Jl3jREpDY-unsplash-768x512.jpg 768w, https:\/\/wviscanada.ca\/wp-content\/uploads\/2022\/01\/linkedin-sales-solutions-W3Jl3jREpDY-unsplash-1536x1024.jpg 1536w, https:\/\/wviscanada.ca\/wp-content\/uploads\/2022\/01\/linkedin-sales-solutions-W3Jl3jREpDY-unsplash-2048x1365.jpg 2048w\" sizes=\"(max-width: 1024px) 100vw, 1024px\" \/>\t\t\t\t\t\t\t\t\t\t\t\t\t\t\t<\/div>\n\t\t\t\t\t<\/div>\n\t\t<\/div>\n\t\t\t\t<div class=\"elementor-column elementor-col-50 elementor-top-column elementor-element elementor-element-bccd4c7\" data-id=\"bccd4c7\" data-element_type=\"column\" data-e-type=\"column\">\n\t\t\t<div class=\"elementor-widget-wrap elementor-element-populated\">\n\t\t\t\t\t\t<div class=\"elementor-element elementor-element-08e3010 elementor-widget elementor-widget-image\" data-id=\"08e3010\" data-element_type=\"widget\" data-e-type=\"widget\" data-widget_type=\"image.default\">\n\t\t\t\t\t\t\t\t\t\t\t\t\t\t\t<img decoding=\"async\" width=\"1024\" height=\"683\" src=\"https:\/\/wviscanada.ca\/wp-content\/uploads\/2022\/01\/linkedin-sales-solutions-6ie6OjshvWg-unsplash-1024x683.jpg\" class=\"attachment-large size-large wp-image-1239 img-responsive img-shadow\" alt=\"Expert\" srcset=\"https:\/\/wviscanada.ca\/wp-content\/uploads\/2022\/01\/linkedin-sales-solutions-6ie6OjshvWg-unsplash-1024x683.jpg 1024w, https:\/\/wviscanada.ca\/wp-content\/uploads\/2022\/01\/linkedin-sales-solutions-6ie6OjshvWg-unsplash-scaled-600x400.jpg 600w, https:\/\/wviscanada.ca\/wp-content\/uploads\/2022\/01\/linkedin-sales-solutions-6ie6OjshvWg-unsplash-300x200.jpg 300w, https:\/\/wviscanada.ca\/wp-content\/uploads\/2022\/01\/linkedin-sales-solutions-6ie6OjshvWg-unsplash-768x512.jpg 768w, https:\/\/wviscanada.ca\/wp-content\/uploads\/2022\/01\/linkedin-sales-solutions-6ie6OjshvWg-unsplash-1536x1025.jpg 1536w, https:\/\/wviscanada.ca\/wp-content\/uploads\/2022\/01\/linkedin-sales-solutions-6ie6OjshvWg-unsplash-2048x1366.jpg 2048w\" sizes=\"(max-width: 1024px) 100vw, 1024px\" \/>\t\t\t\t\t\t\t\t\t\t\t\t\t\t\t<\/div>\n\t\t\t\t\t<\/div>\n\t\t<\/div>\n\t\t\t\t\t<\/div>\n\t\t<\/section>\n\t\t\t\t<section class=\"elementor-section elementor-top-section elementor-element elementor-element-87440da elementor-section-boxed elementor-section-height-default elementor-section-height-default\" data-id=\"87440da\" data-element_type=\"section\" data-e-type=\"section\">\n\t\t\t\t\t\t<div class=\"elementor-container elementor-column-gap-default\">\n\t\t\t\t\t<div class=\"elementor-column elementor-col-100 elementor-top-column elementor-element elementor-element-10fed12\" data-id=\"10fed12\" data-element_type=\"column\" data-e-type=\"column\">\n\t\t\t<div class=\"elementor-widget-wrap elementor-element-populated\">\n\t\t\t\t\t\t<div class=\"elementor-element elementor-element-360f685 elementor-widget elementor-widget-menu-anchor\" data-id=\"360f685\" data-element_type=\"widget\" data-e-type=\"widget\" data-widget_type=\"menu-anchor.default\">\n\t\t\t\t\t\t\t<div class=\"elementor-menu-anchor\" id=\"mission_vision\"><\/div>\n\t\t\t\t\t\t<\/div>\n\t\t\t\t\t<\/div>\n\t\t<\/div>\n\t\t\t\t\t<\/div>\n\t\t<\/section>\n\t\t\t\t<section class=\"elementor-section elementor-top-section elementor-element elementor-element-0957831 elementor-section-boxed elementor-section-height-default elementor-section-height-default\" data-id=\"0957831\" data-element_type=\"section\" data-e-type=\"section\">\n\t\t\t\t\t\t<div class=\"elementor-container elementor-column-gap-default\">\n\t\t\t\t\t<div class=\"elementor-column elementor-col-50 elementor-top-column elementor-element elementor-element-686ea70\" data-id=\"686ea70\" data-element_type=\"column\" data-e-type=\"column\">\n\t\t\t<div class=\"elementor-widget-wrap elementor-element-populated\">\n\t\t\t\t\t\t<div class=\"elementor-element elementor-element-2976a69 elementor-widget elementor-widget-visahub-features\" data-id=\"2976a69\" data-element_type=\"widget\" data-e-type=\"widget\" data-widget_type=\"visahub-features.default\">\n\t\t\t\t<div class=\"elementor-widget-container\">\n\t\t\t\t\t<div class=\"feature-blurb mb20\">\r\n\t\t\t\t\t\t    <div class=\"feature-content\">\r\n\t\t\t\t\t\t        <h3 class=\"feature-title mb10\">Our mission<\/h3> <p>We are on a mission to help our clients, individuals and businesses, properly resolve any issues they may encounter in the Canadian immigration and citizenship process.<\/p>\r\n\t\t\t\t\t\t    <\/div>\r\n\t\t\t\t\t\t<\/div>\t\t\t\t<\/div>\n\t\t\t\t<\/div>\n\t\t\t\t\t<\/div>\n\t\t<\/div>\n\t\t\t\t<div class=\"elementor-column elementor-col-50 elementor-top-column elementor-element elementor-element-eb3f7d7\" data-id=\"eb3f7d7\" data-element_type=\"column\" data-e-type=\"column\">\n\t\t\t<div class=\"elementor-widget-wrap elementor-element-populated\">\n\t\t\t\t\t\t<div class=\"elementor-element elementor-element-ebd99f0 elementor-widget elementor-widget-visahub-features\" data-id=\"ebd99f0\" data-element_type=\"widget\" data-e-type=\"widget\" data-widget_type=\"visahub-features.default\">\n\t\t\t\t<div class=\"elementor-widget-container\">\n\t\t\t\t\t<div class=\"feature-blurb mb20\">\r\n\t\t\t\t\t\t    <div class=\"feature-content\">\r\n\t\t\t\t\t\t        <h3 class=\"feature-title mb10\">Our vision<\/h3> <p>Our ambition is to be a key player in immigration and Canadian citizenship, with reliability and professional ethics recognized everywhere and by everyone.<\/p>\r\n\t\t\t\t\t\t    <\/div>\r\n\t\t\t\t\t\t<\/div>\t\t\t\t<\/div>\n\t\t\t\t<\/div>\n\t\t\t\t\t<\/div>\n\t\t<\/div>\n\t\t\t\t\t<\/div>\n\t\t<\/section>\n\t\t\t\t<section class=\"elementor-section elementor-top-section elementor-element elementor-element-d45d1df elementor-section-boxed elementor-section-height-default elementor-section-height-default\" data-id=\"d45d1df\" data-element_type=\"section\" data-e-type=\"section\">\n\t\t\t\t\t\t<div class=\"elementor-container elementor-column-gap-default\">\n\t\t\t\t\t<div class=\"elementor-column elementor-col-100 elementor-top-column elementor-element elementor-element-05e7765\" data-id=\"05e7765\" data-element_type=\"column\" data-e-type=\"column\">\n\t\t\t<div class=\"elementor-widget-wrap elementor-element-populated\">\n\t\t\t\t\t\t<div class=\"elementor-element elementor-element-31a77dd elementor-widget elementor-widget-menu-anchor\" data-id=\"31a77dd\" data-element_type=\"widget\" data-e-type=\"widget\" data-widget_type=\"menu-anchor.default\">\n\t\t\t\t\t\t\t<div class=\"elementor-menu-anchor\" id=\"values\"><\/div>\n\t\t\t\t\t\t<\/div>\n\t\t\t\t\t<\/div>\n\t\t<\/div>\n\t\t\t\t\t<\/div>\n\t\t<\/section>\n\t\t\t\t<section class=\"elementor-section elementor-top-section elementor-element elementor-element-f8c0306 elementor-section-content-middle elementor-section-boxed elementor-section-height-default elementor-section-height-default\" data-id=\"f8c0306\" data-element_type=\"section\" data-e-type=\"section\">\n\t\t\t\t\t\t<div class=\"elementor-container elementor-column-gap-default\">\n\t\t\t\t\t<div class=\"elementor-column elementor-col-100 elementor-top-column elementor-element elementor-element-1ea3531\" data-id=\"1ea3531\" data-element_type=\"column\" data-e-type=\"column\">\n\t\t\t<div class=\"elementor-widget-wrap elementor-element-populated\">\n\t\t\t\t\t\t<div class=\"elementor-element elementor-element-3756083 elementor-widget elementor-widget-visahub-features\" data-id=\"3756083\" data-element_type=\"widget\" data-e-type=\"widget\" data-widget_type=\"visahub-features.default\">\n\t\t\t\t<div class=\"elementor-widget-container\">\n\t\t\t\t\t<div class=\"col-xl-12 col-lg-12 col-md-12 col-sm-12 col-12 text-center\"> <h3 class=\"feature-title mb10\">Our values<\/h3>  <\/div>\t\t\t\t<\/div>\n\t\t\t\t<\/div>\n\t\t\t\t<div class=\"elementor-element elementor-element-7fa7213 elementor-widget elementor-widget-visahub-features\" data-id=\"7fa7213\" data-element_type=\"widget\" data-e-type=\"widget\" data-widget_type=\"visahub-features.default\">\n\t\t\t\t<div class=\"elementor-widget-container\">\n\t\t\t\t\t<div class=\"feature-blurb mb20\">\r\n\t\t\t\t\t\t    <div class=\"feature-content\">\r\n\t\t\t\t\t\t        <h3 class=\"feature-title mb10\">E<\/h3> <p>Efficiency: We deal with your case as soon as possible<\/p>\r\n\t\t\t\t\t\t    <\/div>\r\n\t\t\t\t\t\t<\/div>\t\t\t\t<\/div>\n\t\t\t\t<\/div>\n\t\t\t\t<div class=\"elementor-element elementor-element-71b52f9 elementor-widget elementor-widget-visahub-features\" data-id=\"71b52f9\" data-element_type=\"widget\" data-e-type=\"widget\" data-widget_type=\"visahub-features.default\">\n\t\t\t\t<div class=\"elementor-widget-container\">\n\t\t\t\t\t<div class=\"feature-blurb mb20\">\r\n\t\t\t\t\t\t    <div class=\"feature-content\">\r\n\t\t\t\t\t\t        <h3 class=\"feature-title mb10\">T<\/h3> <p>Transparency: All our fees known in advance<\/p>\r\n\t\t\t\t\t\t    <\/div>\r\n\t\t\t\t\t\t<\/div>\t\t\t\t<\/div>\n\t\t\t\t<\/div>\n\t\t\t\t<div class=\"elementor-element elementor-element-e3edf01 elementor-widget elementor-widget-visahub-features\" data-id=\"e3edf01\" data-element_type=\"widget\" data-e-type=\"widget\" data-widget_type=\"visahub-features.default\">\n\t\t\t\t<div class=\"elementor-widget-container\">\n\t\t\t\t\t<div class=\"feature-blurb mb20\">\r\n\t\t\t\t\t\t    <div class=\"feature-content\">\r\n\t\t\t\t\t\t        <h3 class=\"feature-title mb10\">H<\/h3> <p>Honesty: Your interests will always be our priority<\/p>\r\n\t\t\t\t\t\t    <\/div>\r\n\t\t\t\t\t\t<\/div>\t\t\t\t<\/div>\n\t\t\t\t<\/div>\n\t\t\t\t<div class=\"elementor-element elementor-element-362dc93 elementor-widget elementor-widget-visahub-features\" data-id=\"362dc93\" data-element_type=\"widget\" data-e-type=\"widget\" data-widget_type=\"visahub-features.default\">\n\t\t\t\t<div class=\"elementor-widget-container\">\n\t\t\t\t\t<div class=\"feature-blurb mb20\">\r\n\t\t\t\t\t\t    <div class=\"feature-content\">\r\n\t\t\t\t\t\t        <h3 class=\"feature-title mb10\">I<\/h3> <p>Integrity: Our morality will never be altered<\/p>\r\n\t\t\t\t\t\t    <\/div>\r\n\t\t\t\t\t\t<\/div>\t\t\t\t<\/div>\n\t\t\t\t<\/div>\n\t\t\t\t<div class=\"elementor-element elementor-element-9afde04 elementor-widget elementor-widget-visahub-features\" data-id=\"9afde04\" data-element_type=\"widget\" data-e-type=\"widget\" data-widget_type=\"visahub-features.default\">\n\t\t\t\t<div class=\"elementor-widget-container\">\n\t\t\t\t\t<div class=\"feature-blurb mb20\">\r\n\t\t\t\t\t\t    <div class=\"feature-content\">\r\n\t\t\t\t\t\t        <h3 class=\"feature-title mb10\">Q<\/h3> <p>Quality: We provide impeccable services<\/p>\r\n\t\t\t\t\t\t    <\/div>\r\n\t\t\t\t\t\t<\/div>\t\t\t\t<\/div>\n\t\t\t\t<\/div>\n\t\t\t\t<div class=\"elementor-element elementor-element-567b852 elementor-widget elementor-widget-visahub-features\" data-id=\"567b852\" data-element_type=\"widget\" data-e-type=\"widget\" data-widget_type=\"visahub-features.default\">\n\t\t\t\t<div class=\"elementor-widget-container\">\n\t\t\t\t\t<div class=\"feature-blurb mb20\">\r\n\t\t\t\t\t\t    <div class=\"feature-content\">\r\n\t\t\t\t\t\t        <h3 class=\"feature-title mb10\">U<\/h3> <p>Ultra confidentiality: We secure your information <\/p>\r\n\t\t\t\t\t\t    <\/div>\r\n\t\t\t\t\t\t<\/div>\t\t\t\t<\/div>\n\t\t\t\t<\/div>\n\t\t\t\t<div class=\"elementor-element elementor-element-e85aa1f elementor-widget elementor-widget-visahub-features\" data-id=\"e85aa1f\" data-element_type=\"widget\" data-e-type=\"widget\" data-widget_type=\"visahub-features.default\">\n\t\t\t\t<div class=\"elementor-widget-container\">\n\t\t\t\t\t<div class=\"feature-blurb mb20\">\r\n\t\t\t\t\t\t    <div class=\"feature-content\">\r\n\t\t\t\t\t\t        <h3 class=\"feature-title mb10\">E<\/h3> <p>Fairness: Strict equality of opportunity for all our clients<\/p>\r\n\t\t\t\t\t\t    <\/div>\r\n\t\t\t\t\t\t<\/div>\t\t\t\t<\/div>\n\t\t\t\t<\/div>\n\t\t\t\t\t<\/div>\n\t\t<\/div>\n\t\t\t\t\t<\/div>\n\t\t<\/section>\n\t\t\t\t<section class=\"elementor-section elementor-top-section elementor-element elementor-element-6fa0559 elementor-section-full_width elementor-section-height-default elementor-section-height-default\" data-id=\"6fa0559\" data-element_type=\"section\" data-e-type=\"section\">\n\t\t\t\t\t\t<div class=\"elementor-container elementor-column-gap-no\">\n\t\t\t\t\t<div class=\"elementor-column elementor-col-100 elementor-top-column elementor-element elementor-element-25db085\" data-id=\"25db085\" data-element_type=\"column\" data-e-type=\"column\">\n\t\t\t<div class=\"elementor-widget-wrap elementor-element-populated\">\n\t\t\t\t\t\t<div class=\"elementor-element elementor-element-047f219 elementor-widget elementor-widget-visahub-cta\" data-id=\"047f219\" data-element_type=\"widget\" data-e-type=\"widget\" data-widget_type=\"visahub-cta.default\">\n\t\t\t\t<div class=\"elementor-widget-container\">\n\t\t\t\t\t<div class=\"bg-section bg-background\" style=\"background-image:url(https:\/\/visahub.wporganic.com\/elementor\/wp-content\/uploads\/2019\/02\/about-bg.jpg);\">\n\t\t\t\t\t    <div class=\"space-large\">\n\t\t\t\t\t        <div class=\"container\">\n\t\t\t\t\t            <div class=\"row\">\n\t\t\t\t\t                <div class=\"offset-xl-2 col-xl-8 offset-lg-2 col-lg-8 col-md-12 col-sm-12 col-12\">\n\t\t\t\t\t                    <div class=\"section-title text-center\">\n\t\t\t\t\t                        <h2 class=\"text-white\">Let&#039;s work together to help you!\n<\/h2> <p>Our goal is that our customers receive the best personalized professional service possible. Entrust us with your request, it will be treated with efficiency and in complete confidentiality.\n<\/p>\n\t\t\t\t\t                        <a href=\"https:\/\/casecloud.ca\/login\/assessmentembed?siteID=CCP20211803\" class=\"btn btn-primary\">contact us<\/a>\n\t\t\t\t\t                    <\/div>\n\t\t\t\t\t                <\/div>\n\t\t\t\t\t            <\/div>\n\t\t\t\t\t        <\/div>\n\t\t\t\t\t    <\/div>\n\t\t\t\t\t<\/div>\t\t\t\t<\/div>\n\t\t\t\t<\/div>\n\t\t\t\t\t<\/div>\n\t\t<\/div>\n\t\t\t\t\t<\/div>\n\t\t<\/section>\n\t\t\t\t<\/div>","protected":false},"excerpt":{"rendered":"<p>\u00c0 propos de notre cabinet de conseil en immigration Wokgou\u00e9 Visa &amp; Immigration Services est un cabinet canadien de consultation en immigration, dont le si\u00e8ge est \u00e0 Gatineau (Qu\u00e9bec).&nbsp;L&rsquo;\u00e9quipe du cabinet conseille et repr\u00e9sente, sans distinction, tous les ressortissants \u00e9trangers qui font appel \u00e0 ses services,&nbsp; durant tout le processus de leur demande d&rsquo;immigration au [&hellip;]<\/p>\n","protected":false},"author":1,"featured_media":0,"parent":0,"menu_order":0,"comment_status":"closed","ping_status":"closed","template":"","meta":{"footnotes":""},"class_list":["post-348","page","type-page","status-publish","hentry"],"_links":{"self":[{"href":"https:\/\/wviscanada.ca\/en_ca\/wp-json\/wp\/v2\/pages\/348","targetHints":{"allow":["GET"]}}],"collection":[{"href":"https:\/\/wviscanada.ca\/en_ca\/wp-json\/wp\/v2\/pages"}],"about":[{"href":"https:\/\/wviscanada.ca\/en_ca\/wp-json\/wp\/v2\/types\/page"}],"author":[{"embeddable":true,"href":"https:\/\/wviscanada.ca\/en_ca\/wp-json\/wp\/v2\/users\/1"}],"replies":[{"embeddable":true,"href":"https:\/\/wviscanada.ca\/en_ca\/wp-json\/wp\/v2\/comments?post=348"}],"version-history":[{"count":41,"href":"https:\/\/wviscanada.ca\/en_ca\/wp-json\/wp\/v2\/pages\/348\/revisions"}],"predecessor-version":[{"id":2315,"href":"https:\/\/wviscanada.ca\/en_ca\/wp-json\/wp\/v2\/pages\/348\/revisions\/2315"}],"wp:attachment":[{"href":"https:\/\/wviscanada.ca\/en_ca\/wp-json\/wp\/v2\/media?parent=348"}],"curies":[{"name":"wp","href":"https:\/\/api.w.org\/{rel}","templated":true}]}}