{"id":2993,"date":"2025-07-11T11:24:52","date_gmt":"2025-07-11T15:24:52","guid":{"rendered":"https:\/\/wviscanada.ca\/?page_id=2993"},"modified":"2025-07-11T11:27:38","modified_gmt":"2025-07-11T15:27:38","slug":"votre-billet","status":"publish","type":"page","link":"https:\/\/wviscanada.ca\/en_ca\/votre-billet\/","title":{"rendered":"Votre billet"},"content":{"rendered":"\t\t<div data-elementor-type=\"wp-page\" data-elementor-id=\"2993\" class=\"elementor elementor-2993\" data-elementor-post-type=\"page\">\n\t\t\t\t\t\t<section class=\"elementor-section elementor-top-section elementor-element elementor-element-2b6a2db elementor-section-boxed elementor-section-height-default elementor-section-height-default\" data-id=\"2b6a2db\" data-element_type=\"section\" data-e-type=\"section\">\n\t\t\t\t\t\t<div class=\"elementor-container elementor-column-gap-default\">\n\t\t\t\t\t<div class=\"elementor-column elementor-col-100 elementor-top-column elementor-element elementor-element-bafb423\" data-id=\"bafb423\" data-element_type=\"column\" data-e-type=\"column\">\n\t\t\t<div class=\"elementor-widget-wrap elementor-element-populated\">\n\t\t\t\t\t\t<div class=\"elementor-element elementor-element-2d64506 elementor-widget elementor-widget-html\" data-id=\"2d64506\" data-element_type=\"widget\" data-e-type=\"widget\" data-widget_type=\"html.default\">\n\t\t\t\t\t<!DOCTYPE html>\n<html lang=\"fr\">\n<head>\n  <meta charset=\"UTF-8\" \/>\n  <meta name=\"viewport\" content=\"width=device-width, initial-scale=1.0\"\/>\n  <title>Ticket - Adapte ton projet Canada 2025<\/title>\n  <style>\n    body {\n      font-family: 'Segoe UI', sans-serif;\n      background-color: #f4f4f4;\n      padding: 20px;\n    }\n\n    .ticket {\n      max-width: 600px;\n      margin: auto;\n      background: white;\n      border: 2px dashed #dd3333;\n      border-radius: 12px;\n      overflow: hidden;\n      box-shadow: 0 0 10px rgba(0,0,0,0.1);\n    }\n\n    .ticket-header {\n      background: #000;\n      color: white;\n      padding: 20px;\n      text-align: center;\n    }\n\n    .ticket-header h1 {\n      margin: 0;\n      font-size: 1.8em;\n    }\n\n    .ticket-body {\n      padding: 20px;\n    }\n\n    .ticket-body h2 {\n      margin-top: 0;\n      color: #dd3333;\n    }\n\n    .ticket-info {\n      margin: 10px 0;\n      font-size: 1em;\n      line-height: 1.6;\n    }\n\n    .qr-code {\n      text-align: center;\n      margin-top: 20px;\n    }\n\n    .qr-code img {\n      width: 30%;\n    }\n\n    .footer {\n      text-align: center;\n      padding: 15px;\n      font-size: 0.85em;\n      background: #f0f0f0;\n      color: #000000;\n    }\n\n    @media print {\n      body {\n        background: white;\n        padding: 0;\n      }\n\n      .ticket {\n        box-shadow: none;\n        border: none;\n      }\n    }\n    .logo{\n        width: 40%;\n    }\n  <\/style>\n<\/head>\n<body>\n <button onclick=\"printTicketById('billet')\">Imprimer le ticket<\/button>\n  <div class=\"ticket\" id=\"billet\">\n    <div class=\"ticket-header\">\n      <img decoding=\"async\" src=\"https:\/\/wviscanada.ca\/wp-content\/uploads\/2022\/01\/WOKGOUE-VISA-IMM_fond_transparent-2048x887.png\" class=\"logo img-responsive img-shadow\">\n      <h1>Adapte ton projet Canada 2025<\/h1>\n    <\/div>\n    <div class=\"ticket-body\">\n      <h2>Billet d\u2019inscription num\u00e9ro : {submission_id}<\/h2>\n      <div class=\"ticket-info\">\n        <strong>Nom du participant :<\/strong> {all_non_empty_fields}<br\/>\n        <strong>\u00c9v\u00e9nement :<\/strong> Adapte ton projet Canada 2025<br\/>\n        <strong>Date :<\/strong> 09 ao\u00fbt 2025<br\/>\n        <strong>Heure :<\/strong> 13:00<br\/>\n        <strong>Lieu :<\/strong> Localisation : Amphi 200 de l'ESSEC de Douala,Douala\n      <\/div>\n\n      <div class=\"qr-code\">\n        <img decoding=\"async\" src=\"https:\/\/wviscanada.ca\/wp-content\/uploads\/2025\/07\/newFile_uczEX4f.jpeg\" alt=\"QR Code du billet\" \/>\n        <!-- <div>Scannez ce code pour v\u00e9rifier votre billet<\/div> -->\n      <\/div>\n    <\/div>\n    <div class=\"footer\">\n      <span>E-mail : info@wviscanada.ca<\/span> | <span>Site web : https:\/\/wviscanada.ca<\/span><br\/>\n      <span>Contact : +1 (819) 444-6691 | +237 674 286 828<\/span><br\/><br\/>\n      Ce billet est personnel et non transf\u00e9rable. Merci de le pr\u00e9senter le jour de l'\u00e9v\u00e9nement.\n    <\/div>\n  <\/div>\n\n\n  <script>\nfunction printTicketById(id) {\n  const ticketElement = document.getElementById(id);\n  if (!ticketElement) {\n    alert(\"\u00c9l\u00e9ment introuvable !\");\n    return;\n  }\n\n  const styles = Array.from(document.querySelectorAll('style, link[rel=\"stylesheet\"]'))\n    .map(style => style.outerHTML)\n    .join('\\n');\n\n  const printWindow = window.open('', '_blank');\n  printWindow.document.open();\n  printWindow.document.write(`\n    <html>\n      <head>\n        <title>Impression du ticket<\/title>\n        ${styles}\n        <style>\n          @media print {\n            html, body {\n              margin: 0;\n              padding: 0;\n              width: 100%;\n              height: 100%;\n            }\n            body {\n              -webkit-print-color-adjust: exact;\n              print-color-adjust: exact;\n              zoom: 90%;\n            }\n            .ticket {\n              page-break-inside: avoid;\n              page-break-before: avoid;\n              page-break-after: avoid;\n              width: 100%;\n              max-height: 100vh;\n              padding: 20px;\n              box-sizing: border-box;\n              border: 2px dashed #006699;\n              border-radius: 10px;\n              margin: 0 auto;\n            }\n          }\n        <\/style>\n      <\/head>\n      <body onload=\"window.print(); window.close();\">\n        ${ticketElement.outerHTML}\n      <\/body>\n    <\/html>\n  `);\n  printWindow.document.close();\n}\n<\/script>\n\n<\/body>\n<\/html>\n\t\t\t\t<\/div>\n\t\t\t\t\t<\/div>\n\t\t<\/div>\n\t\t\t\t\t<\/div>\n\t\t<\/section>\n\t\t\t\t<\/div>\n\t\t","protected":false},"excerpt":{"rendered":"<p>Ticket &#8211; Adapte ton projet Canada 2025 Imprimer le ticket Adapte ton projet Canada 2025 Billet d\u2019inscription num\u00e9ro : {submission_id} Nom du participant : {all_non_empty_fields} \u00c9v\u00e9nement : Adapte ton projet Canada 2025 Date : 09 ao\u00fbt 2025 Heure : 13:00 Lieu : Localisation : Amphi 200 de l&rsquo;ESSEC de Douala,Douala E-mail : info@wviscanada.ca | Site [&hellip;]<\/p>\n","protected":false},"author":87,"featured_media":0,"parent":0,"menu_order":0,"comment_status":"closed","ping_status":"closed","template":"elementor_canvas","meta":{"footnotes":""},"class_list":["post-2993","page","type-page","status-publish","hentry"],"_links":{"self":[{"href":"https:\/\/wviscanada.ca\/en_ca\/wp-json\/wp\/v2\/pages\/2993","targetHints":{"allow":["GET"]}}],"collection":[{"href":"https:\/\/wviscanada.ca\/en_ca\/wp-json\/wp\/v2\/pages"}],"about":[{"href":"https:\/\/wviscanada.ca\/en_ca\/wp-json\/wp\/v2\/types\/page"}],"author":[{"embeddable":true,"href":"https:\/\/wviscanada.ca\/en_ca\/wp-json\/wp\/v2\/users\/87"}],"replies":[{"embeddable":true,"href":"https:\/\/wviscanada.ca\/en_ca\/wp-json\/wp\/v2\/comments?post=2993"}],"version-history":[{"count":7,"href":"https:\/\/wviscanada.ca\/en_ca\/wp-json\/wp\/v2\/pages\/2993\/revisions"}],"predecessor-version":[{"id":3001,"href":"https:\/\/wviscanada.ca\/en_ca\/wp-json\/wp\/v2\/pages\/2993\/revisions\/3001"}],"wp:attachment":[{"href":"https:\/\/wviscanada.ca\/en_ca\/wp-json\/wp\/v2\/media?parent=2993"}],"curies":[{"name":"wp","href":"https:\/\/api.w.org\/{rel}","templated":true}]}}