{"id":2566,"date":"2022-07-30T22:12:00","date_gmt":"2022-07-31T02:12:00","guid":{"rendered":"http:\/\/mmv.8ad.mywebsitetransfer.com\/?page_id=2566"},"modified":"2022-07-29T22:21:29","modified_gmt":"2022-07-30T02:21:29","slug":"colleges-et-universites-canadiennes","status":"publish","type":"page","link":"https:\/\/wviscanada.ca\/en_ca\/colleges-et-universites-canadiennes\/","title":{"rendered":"Canadian colleges and universities"},"content":{"rendered":"<div data-elementor-type=\"wp-page\" data-elementor-id=\"2566\" class=\"elementor elementor-2566\" data-elementor-post-type=\"page\">\n\t\t\t\t\t\t<section class=\"elementor-section elementor-top-section elementor-element elementor-element-31fc1ff elementor-section-boxed elementor-section-height-default elementor-section-height-default\" data-id=\"31fc1ff\" data-element_type=\"section\" data-e-type=\"section\">\n\t\t\t\t\t\t<div class=\"elementor-container elementor-column-gap-default\">\n\t\t\t\t\t<div class=\"elementor-column elementor-col-100 elementor-top-column elementor-element elementor-element-c78211a\" data-id=\"c78211a\" data-element_type=\"column\" data-e-type=\"column\">\n\t\t\t<div class=\"elementor-widget-wrap elementor-element-populated\">\n\t\t\t\t\t\t<div class=\"elementor-element elementor-element-385b5e4 elementor-widget elementor-widget-text-editor\" data-id=\"385b5e4\" data-element_type=\"widget\" data-e-type=\"widget\" data-widget_type=\"text-editor.default\">\n\t\t\t\t\t\t\t\t\t<p>Most international students are familiar with major Canadian cities such as Montreal, Toronto or Vancouver and dream of pursuing their studies there.&nbsp;<\/p>\n<p>Some, however, toy with the idea of attending college or university in a medium-sized city like Gatineau, Quebec, or Moncton, New Brunswick.<\/p>\n<p>Still others choose to study in a smaller Canadian city such as Wolfville, Nova Scotia, or Saskatoon, Saskatchewan.<\/p><p>Whatever your goal, use the map of Canada below to locate a college or university program in a region, province or other territory of the country.<\/p>\t\t\t\t\t\t\t\t<\/div>\n\t\t\t\t\t<\/div>\n\t\t<\/div>\n\t\t\t\t\t<\/div>\n\t\t<\/section>\n\t\t\t\t<section class=\"elementor-section elementor-top-section elementor-element elementor-element-ca7489c elementor-section-boxed elementor-section-height-default elementor-section-height-default\" data-id=\"ca7489c\" data-element_type=\"section\" data-e-type=\"section\">\n\t\t\t\t\t\t<div class=\"elementor-container elementor-column-gap-default\">\n\t\t\t\t\t<div class=\"elementor-column elementor-col-100 elementor-top-column elementor-element elementor-element-9979ae4\" data-id=\"9979ae4\" data-element_type=\"column\" data-e-type=\"column\">\n\t\t\t<div class=\"elementor-widget-wrap elementor-element-populated\">\n\t\t\t\t\t\t<div class=\"elementor-element elementor-element-444924b elementor-widget elementor-widget-html\" data-id=\"444924b\" data-element_type=\"widget\" data-e-type=\"widget\" data-widget_type=\"html.default\">\n\t\t\t\t\t<iframe src=\"https:\/\/www.google.com\/maps\/d\/embed?mid=1pLULcUsQviJHG68n_tO6FRi84KKYG53S&ehbc=2E312F\" width=\"640\" height=\"480\"><\/iframe>\t\t\t\t<\/div>\n\t\t\t\t\t<\/div>\n\t\t<\/div>\n\t\t\t\t\t<\/div>\n\t\t<\/section>\n\t\t\t\t<\/div>","protected":false},"excerpt":{"rendered":"<p>La plupart d&rsquo;\u00e9tudiants internationaux connaissent les grandes m\u00e9tropoles canadiennes comme Montr\u00e9al, Toronto ou Vancouver et r\u00eavent d&rsquo;y poursuivre leurs \u00e9tudes.&nbsp; Certains caressent cependant l\u2019id\u00e9e de fr\u00e9quenter un coll\u00e8ge ou une universit\u00e9 dans une ville de taille moyenne comme Gatineau au Qu\u00e9bec, ou Moncton au Nouveau-Brunswick. D&rsquo;autres enfin choisissent de faire leurs \u00e9tudes dans une plus [&hellip;]<\/p>\n","protected":false},"author":4,"featured_media":0,"parent":0,"menu_order":0,"comment_status":"closed","ping_status":"closed","template":"","meta":{"footnotes":""},"class_list":["post-2566","page","type-page","status-publish","hentry"],"_links":{"self":[{"href":"https:\/\/wviscanada.ca\/en_ca\/wp-json\/wp\/v2\/pages\/2566","targetHints":{"allow":["GET"]}}],"collection":[{"href":"https:\/\/wviscanada.ca\/en_ca\/wp-json\/wp\/v2\/pages"}],"about":[{"href":"https:\/\/wviscanada.ca\/en_ca\/wp-json\/wp\/v2\/types\/page"}],"author":[{"embeddable":true,"href":"https:\/\/wviscanada.ca\/en_ca\/wp-json\/wp\/v2\/users\/4"}],"replies":[{"embeddable":true,"href":"https:\/\/wviscanada.ca\/en_ca\/wp-json\/wp\/v2\/comments?post=2566"}],"version-history":[{"count":3,"href":"https:\/\/wviscanada.ca\/en_ca\/wp-json\/wp\/v2\/pages\/2566\/revisions"}],"predecessor-version":[{"id":2569,"href":"https:\/\/wviscanada.ca\/en_ca\/wp-json\/wp\/v2\/pages\/2566\/revisions\/2569"}],"wp:attachment":[{"href":"https:\/\/wviscanada.ca\/en_ca\/wp-json\/wp\/v2\/media?parent=2566"}],"curies":[{"name":"wp","href":"https:\/\/api.w.org\/{rel}","templated":true}]}}