{"id":2118,"date":"2022-07-09T01:49:24","date_gmt":"2022-07-09T05:49:24","guid":{"rendered":"http:\/\/wviscanada.ca\/?page_id=2118"},"modified":"2022-09-06T15:49:26","modified_gmt":"2022-09-06T19:49:26","slug":"recrutement-international","status":"publish","type":"page","link":"https:\/\/wviscanada.ca\/en_ca\/service-to-individuals\/recrutement-international\/","title":{"rendered":"International Recruitment"},"content":{"rendered":"<div data-elementor-type=\"wp-post\" data-elementor-id=\"2118\" class=\"elementor elementor-2118\" data-elementor-post-type=\"page\">\n\t\t\t\t\t\t<section class=\"elementor-section elementor-top-section elementor-element elementor-element-ff8f22c elementor-section-boxed elementor-section-height-default elementor-section-height-default\" data-id=\"ff8f22c\" data-element_type=\"section\" data-e-type=\"section\">\n\t\t\t\t\t\t<div class=\"elementor-container elementor-column-gap-default\">\n\t\t\t\t\t<div class=\"elementor-column elementor-col-50 elementor-top-column elementor-element elementor-element-b990b6f\" data-id=\"b990b6f\" data-element_type=\"column\" data-e-type=\"column\">\n\t\t\t<div class=\"elementor-widget-wrap elementor-element-populated\">\n\t\t\t\t\t\t<section class=\"elementor-section elementor-inner-section elementor-element elementor-element-dba89ca elementor-section-boxed elementor-section-height-default elementor-section-height-default\" data-id=\"dba89ca\" data-element_type=\"section\" data-e-type=\"section\">\n\t\t\t\t\t\t<div class=\"elementor-container elementor-column-gap-default\">\n\t\t\t\t\t<div class=\"elementor-column elementor-col-100 elementor-inner-column elementor-element elementor-element-f021292\" data-id=\"f021292\" data-element_type=\"column\" data-e-type=\"column\" data-settings=\"{&quot;background_background&quot;:&quot;classic&quot;}\">\n\t\t\t<div class=\"elementor-widget-wrap elementor-element-populated\">\n\t\t\t\t\t\t<div class=\"elementor-element elementor-element-583138e elementor-widget elementor-widget-spacer\" data-id=\"583138e\" data-element_type=\"widget\" data-e-type=\"widget\" data-widget_type=\"spacer.default\">\n\t\t\t\t\t\t\t<div class=\"elementor-spacer\">\n\t\t\t<div class=\"elementor-spacer-inner\"><\/div>\n\t\t<\/div>\n\t\t\t\t\t\t<\/div>\n\t\t\t\t\t<\/div>\n\t\t<\/div>\n\t\t\t\t\t<\/div>\n\t\t<\/section>\n\t\t\t\t<section class=\"elementor-section elementor-inner-section elementor-element elementor-element-008040b elementor-section-boxed elementor-section-height-default elementor-section-height-default\" data-id=\"008040b\" data-element_type=\"section\" data-e-type=\"section\">\n\t\t\t\t\t\t<div class=\"elementor-container elementor-column-gap-default\">\n\t\t\t\t\t<div class=\"elementor-column elementor-col-100 elementor-inner-column elementor-element elementor-element-9958eb3\" data-id=\"9958eb3\" data-element_type=\"column\" data-e-type=\"column\">\n\t\t\t<div class=\"elementor-widget-wrap elementor-element-populated\">\n\t\t\t\t\t\t<div class=\"elementor-element elementor-element-535bd79 text-left elementor-widget elementor-widget-visahub-buttons\" data-id=\"535bd79\" data-element_type=\"widget\" data-e-type=\"widget\" data-widget_type=\"visahub-buttons.default\">\n\t\t\t\t<div class=\"elementor-widget-container\">\n\t\t\t\t\t<a href=\"https:\/\/boox.dev\/wviscanada\" class=\"btn btn-default btn-lg\">meet us<\/a>\t\t\t\t<\/div>\n\t\t\t\t<\/div>\n\t\t\t\t\t<\/div>\n\t\t<\/div>\n\t\t\t\t\t<\/div>\n\t\t<\/section>\n\t\t\t\t<div class=\"elementor-element elementor-element-052a3f5 elementor-widget elementor-widget-visahub-aboutinfo\" data-id=\"052a3f5\" data-element_type=\"widget\" data-e-type=\"widget\" data-widget_type=\"visahub-aboutinfo.default\">\n\t\t\t\t<div class=\"elementor-widget-container\">\n\t\t\t\t\t<div class=\"contentstyle\">\n\n\t\t\t\t    <h2>International Recruitment<\/h2> <!-- heading title -->\n\n\t\t\t\t    <p class=\"lead\">Permit No: AR-2101903<\/p> <!-- lead font -->\n\t\t\t\t    \n\t\t\t\t    <p><div class=\"et_pb_module et_pb_text et_pb_text_16 et_pb_text_align_left et_pb_bg_layout_light et_had_animation\"><div class=\"et_pb_text_inner\">The availability of skilled labor is a major economic issue for the development of Quebec and Canadian businesses. In a context where skilled workers are rare and in high demand, international recruitment is a reliable and intuitive solution. to stimulate and consolidate business growth.<\/div><p class=\"et_pb_text_inner\">Our recruitment services are designed to make your experience smooth, easy and worry-free. We intervene from the beginning until the arrival of the worker in your company. We can also participate in its integration.<\/p><div class=\"css-14itv6j\"><div class=\"et_pb_module et_pb_text et_pb_text_23 et_pb_text_align_left et_pb_bg_layout_light\"><h3 class=\"et_pb_text_inner\">Flexibility and customization of our solutions<\/h3><\/div><\/div><div class=\"et_pb_module et_pb_text et_pb_text_1 et_pb_text_align_left et_pb_bg_layout_light\"><div class=\"et_pb_text_inner\">Our Solution <strong>keys in hand<\/strong> allows you to entrust us with your mandate and be assured that a trained and integrated employee will be available to you within the required timeframes, without you having to undergo administrative constraints. But if you want to participate in the recruitment process, our services are flexible and customizable.<\/div><div>\u00a0<\/div><h3 class=\"et_pb_text_inner\">Understand your needs<\/h3><\/div><div class=\"et_pb_blurb_description\">From the first meeting, we take the time to<strong>to listen<\/strong> and of <strong>understand your needs<\/strong> in terms of manpower and analyze the challenges you face.<\/div><\/div><div>\u00a0<\/div><div><h3 class=\"et_pb_text_inner\">International mobility<\/h3><\/div><div class=\"et_pb_blurb_description\">In collaboration with our partners <strong>reliable<\/strong> based abroad, we research and select for you the best <strong>candidate profiles<\/strong>.<\/div><div class=\"et_pb_blurb_description\">Each candidate is assessed on their skills related to the position you are offering, their level of knowledge of English or French, and their willingness to immigrate to Canada. You can participate if you wish, your level of involvement in the process is up to you.<\/div><div>\u00a0<\/div><div class=\"et_pb_blurb_description\"><h3>Full administrative support<\/h3><\/div><div class=\"et_pb_blurb_description\"><div class=\"et_pb_blurb_container\"><div class=\"et_pb_blurb_description\">Once the candidate has been selected, we will carry out all the administrative and immigration procedures that will lead to obtaining the <strong>closed work permit<\/strong>. This type of permit is as advantageous for you as for the selected employee: you are sure to have an employee available for a determined period, the employee as for him, has the guarantee of a stable employment for the same period. Strong ties as well as mutual trust between employer and employee is likely to prolong this collaboration.<\/div><div>\u00a0<\/div><\/div><\/div><div class=\"css-14itv6j\"><div class=\"css-14itv6j\"><div class=\"et_pb_blurb_description\"><div class=\"et_pb_blurb_container\"><div class=\"et_pb_blurb_description\"><div class=\"et_pb_blurb_container\"><h3>Additional support services<\/h3><div class=\"et_pb_blurb_description\"><p>We can extend our services by facilitating the integration of the new employee, from their temporary residence to their Canadian citizenship, including their permanent residence and the immigration of their family.<\/p><h2>Our offers<\/h2><div class=\"et_pb_blurb_container\"><div class=\"et_pb_blurb_description\"><ul><li>Labor Market Impact Assessment (LMIA) Application<\/li><li>Application for a Quebec Acceptance Certificate (CAQ)<\/li><li>Application for a work permit Closed<\/li><li>Spousal Open Work Permit Application<\/li><li>Application for a study permit for children<\/li><li>Visa application (single or multiple)<\/li><li>Application for permanent residence.<ul><li><p>Quebec experience program<\/p><\/li><li><p>Regular Skilled Worker Program<\/p><\/li><li><p>Express Entry<\/p><\/li><li><p>Sponsorship and family reunification<\/p><\/li><\/ul><\/li><li><p>Application for Canadian Citizenship<\/p><\/li><li><p>Modification and renewal of statutes<\/p><\/li><li><p>Study of immigration projects and selection of programs<\/p><\/li><li><p>Editing and follow-up of files with government authorities<\/p><\/li><li><p>Recruitment and placement of foreign workers already in Canada<\/p><\/li><\/ul><\/div><\/div><\/div><\/div><\/div><\/div><\/div><\/div><\/div><\/p> <!-- description -->\n\t\t\t\t    \n\t\t\t\t     <!-- list style -->\n\n\t\t\t\t\t <!-- Button -->\n\n\t\t\t\t<\/div>\t\t\t\t<\/div>\n\t\t\t\t<\/div>\n\t\t\t\t\t<\/div>\n\t\t<\/div>\n\t\t\t\t<div class=\"elementor-column elementor-col-50 elementor-top-column elementor-element elementor-element-61f70bc\" data-id=\"61f70bc\" data-element_type=\"column\" data-e-type=\"column\">\n\t\t\t<div class=\"elementor-widget-wrap elementor-element-populated\">\n\t\t\t\t\t\t<div class=\"elementor-element elementor-element-01ab2cf elementor-widget elementor-widget-shortcode\" data-id=\"01ab2cf\" data-element_type=\"widget\" data-e-type=\"widget\" data-widget_type=\"shortcode.default\">\n\t\t\t\t\t\t\t<div class=\"elementor-shortcode\">\t\t<div data-elementor-type=\"section\" data-elementor-id=\"1292\" class=\"elementor elementor-1292\" data-elementor-post-type=\"elementor_library\">\n\t\t\t\t\t<section class=\"elementor-section elementor-top-section elementor-element elementor-element-375df7e elementor-section-boxed elementor-section-height-default elementor-section-height-default\" data-id=\"375df7e\" data-element_type=\"section\" data-e-type=\"section\">\n\t\t\t\t\t\t<div class=\"elementor-container elementor-column-gap-default\">\n\t\t\t\t\t<div class=\"elementor-column elementor-col-100 elementor-top-column elementor-element elementor-element-87d5d35\" data-id=\"87d5d35\" data-element_type=\"column\" data-e-type=\"column\">\n\t\t\t<div class=\"elementor-widget-wrap elementor-element-populated\">\n\t\t\t\t\t\t<div class=\"elementor-element elementor-element-747fdbd elementor-widget elementor-widget-heading\" data-id=\"747fdbd\" data-element_type=\"widget\" data-e-type=\"widget\" data-widget_type=\"heading.default\">\n\t\t\t\t\t<h2 class=\"elementor-heading-title elementor-size-default\">Services<\/h2>\t\t\t\t<\/div>\n\t\t\t\t<div class=\"elementor-element elementor-element-0c50edf elementor-nav-menu--stretch elementor-nav-menu__text-align-center elementor-nav-menu__align-start elementor-nav-menu--dropdown-tablet elementor-nav-menu--toggle elementor-nav-menu--burger elementor-widget elementor-widget-nav-menu\" data-id=\"0c50edf\" data-element_type=\"widget\" data-e-type=\"widget\" data-settings=\"{&quot;layout&quot;:&quot;vertical&quot;,&quot;full_width&quot;:&quot;stretch&quot;,&quot;submenu_icon&quot;:{&quot;value&quot;:&quot;&lt;svg class=\\&quot;e-font-icon-svg e-fas-caret-down\\&quot; viewBox=\\&quot;0 0 320 512\\&quot; xmlns=\\&quot;http:\\\/\\\/www.w3.org\\\/2000\\\/svg\\&quot;&gt;&lt;path d=\\&quot;M31.3 192h257.3c17.8 0 26.7 21.5 14.1 34.1L174.1 354.8c-7.8 7.8-20.5 7.8-28.3 0L17.2 226.1C4.6 213.5 13.5 192 31.3 192z\\&quot;&gt;&lt;\\\/path&gt;&lt;\\\/svg&gt;&quot;,&quot;library&quot;:&quot;fa-solid&quot;},&quot;toggle&quot;:&quot;burger&quot;}\" data-widget_type=\"nav-menu.default\">\n\t\t\t\t<div class=\"elementor-widget-container\">\n\t\t\t\t\t\t\t\t<nav aria-label=\"Menu\" class=\"elementor-nav-menu--main elementor-nav-menu__container elementor-nav-menu--layout-vertical e--pointer-underline e--animation-fade\">\n\t\t\t\t<ul id=\"menu-1-0c50edf\" class=\"elementor-nav-menu sm-vertical\"><li class=\"menu-item menu-item-type-post_type menu-item-object-page menu-item-1318\"><a href=\"https:\/\/wviscanada.ca\/en_ca\/service-to-individuals\/visa-et-supervisas\/\" class=\"elementor-item\">Visas and Supervisas<\/a><\/li>\n<li class=\"menu-item menu-item-type-post_type menu-item-object-page menu-item-1319\"><a href=\"https:\/\/wviscanada.ca\/en_ca\/service-to-individuals\/permis-detude\/\" class=\"elementor-item\">Study permit<\/a><\/li>\n<li class=\"menu-item menu-item-type-post_type menu-item-object-page menu-item-1320\"><a href=\"https:\/\/wviscanada.ca\/en_ca\/service-to-individuals\/travailleurs-temporaires\/\" class=\"elementor-item\">Work permit<\/a><\/li>\n<li class=\"menu-item menu-item-type-post_type menu-item-object-page menu-item-1272\"><a href=\"https:\/\/wviscanada.ca\/en_ca\/service-to-individuals\/entree-express\/\" class=\"elementor-item\">Express Entry<\/a><\/li>\n<\/ul>\t\t\t<\/nav>\n\t\t\t\t\t<div class=\"elementor-menu-toggle\" role=\"button\" tabindex=\"0\" aria-label=\"Menu Toggle\" aria-expanded=\"false\">\n\t\t\t<svg aria-hidden=\"true\" role=\"presentation\" class=\"elementor-menu-toggle__icon--open e-font-icon-svg e-eicon-menu-bar\" viewbox=\"0 0 1000 1000\" xmlns=\"http:\/\/www.w3.org\/2000\/svg\"><path d=\"M104 333H896C929 333 958 304 958 271S929 208 896 208H104C71 208 42 237 42 271S71 333 104 333ZM104 583H896C929 583 958 554 958 521S929 458 896 458H104C71 458 42 487 42 521S71 583 104 583ZM104 833H896C929 833 958 804 958 771S929 708 896 708H104C71 708 42 737 42 771S71 833 104 833Z\"><\/path><\/svg><svg aria-hidden=\"true\" role=\"presentation\" class=\"elementor-menu-toggle__icon--close e-font-icon-svg e-eicon-close\" viewbox=\"0 0 1000 1000\" xmlns=\"http:\/\/www.w3.org\/2000\/svg\"><path d=\"M742 167L500 408 258 167C246 154 233 150 217 150 196 150 179 158 167 167 154 179 150 196 150 212 150 229 154 242 171 254L408 500 167 742C138 771 138 800 167 829 196 858 225 858 254 829L496 587 738 829C750 842 767 846 783 846 800 846 817 842 829 829 842 817 846 804 846 783 846 767 842 750 829 737L588 500 833 258C863 229 863 200 833 171 804 137 775 137 742 167Z\"><\/path><\/svg>\t\t\t<span class=\"elementor-screen-only\">Menu<\/span>\n\t\t<\/div>\n\t\t\t\t\t<nav class=\"elementor-nav-menu--dropdown elementor-nav-menu__container\" aria-hidden=\"true\">\n\t\t\t\t<ul id=\"menu-2-0c50edf\" class=\"elementor-nav-menu sm-vertical\"><li class=\"menu-item menu-item-type-post_type menu-item-object-page menu-item-1318\"><a href=\"https:\/\/wviscanada.ca\/en_ca\/service-to-individuals\/visa-et-supervisas\/\" class=\"elementor-item\" tabindex=\"-1\">Visas and Supervisas<\/a><\/li>\n<li class=\"menu-item menu-item-type-post_type menu-item-object-page menu-item-1319\"><a href=\"https:\/\/wviscanada.ca\/en_ca\/service-to-individuals\/permis-detude\/\" class=\"elementor-item\" tabindex=\"-1\">Study permit<\/a><\/li>\n<li class=\"menu-item menu-item-type-post_type menu-item-object-page menu-item-1320\"><a href=\"https:\/\/wviscanada.ca\/en_ca\/service-to-individuals\/travailleurs-temporaires\/\" class=\"elementor-item\" tabindex=\"-1\">Work permit<\/a><\/li>\n<li class=\"menu-item menu-item-type-post_type menu-item-object-page menu-item-1272\"><a href=\"https:\/\/wviscanada.ca\/en_ca\/service-to-individuals\/entree-express\/\" class=\"elementor-item\" tabindex=\"-1\">Express Entry<\/a><\/li>\n<\/ul>\t\t\t<\/nav>\n\t\t\t\t\t\t<\/div>\n\t\t\t\t<\/div>\n\t\t\t\t<div class=\"elementor-element elementor-element-2cc4e3d elementor-widget elementor-widget-html\" data-id=\"2cc4e3d\" data-element_type=\"widget\" data-e-type=\"widget\" data-widget_type=\"html.default\">\n\t\t\t\t\t<iframe src=\"https:\/\/www.facebook.com\/plugins\/page.php?href=https%3A%2F%2Fwww.facebook.com%2Fwviscanada%2F&tabs=timeline&width=750&height=500&small_header=false&adapt_container_width=true&hide_cover=false&show_facepile=false&appId\" width=\"750\" height=\"500\" style=\"border:none;overflow:hidden\" scrolling=\"no\" frameborder=\"0\" allowfullscreen=\"true\" allow=\"autoplay; clipboard-write; encrypted-media; picture-in-picture; web-share\"><\/iframe>\n\n\t\t\t\t<\/div>\n\t\t\t\t<div class=\"elementor-element elementor-element-977596d elementor-widget elementor-widget-visahub-testimonials\" data-id=\"977596d\" data-element_type=\"widget\" data-e-type=\"widget\" data-widget_type=\"visahub-testimonials.default\">\n\t\t\t\t<div class=\"elementor-widget-container\">\n\t\t\t\t\t<div class=\"card-testimonial card-testimonial-light\">\n\t\t\t\t\t    <div class=\"card-testimonial-img\"><img decoding=\"async\" src=\"http:\/\/wviscanada.ca\/wp-content\/uploads\/2022\/02\/icons8-user-90.png\" alt=\" Wokgou&eacute; Visa &amp; Immigration Services\" class=\"rounded-circle img-responsive img-shadow\"><\/div> <div class=\"card-testimonial-content\"><p class=\"card-testimonial-text\">I thank the firm for its incredible efforts! the sound advice provided by the consultant throughout the process of my application, allowed me to renew my status.<\/p><\/div>\n\t\t\t\t\t    <div class=\"card-testimonial-info\">\n\t\t\t\t\t        <span class=\"card-testimonial-flag\"><img decoding=\"async\" src=\"https:\/\/wviscanada.ca\/wp-content\/plugins\/wp-organic-visahub\/assets\/country\/canada.svg\" class=\"flag-small img-responsive img-shadow\"><\/span>  <h4 class=\"card-testimonial-name\">ANONYMOUS<\/h4> <p><small>Work permit<\/small><\/p>\n\t\t\t\t\t    <\/div>\n\t\t\t\t\t<\/div>\t\t\t\t<\/div>\n\t\t\t\t<\/div>\n\t\t\t\t\t<\/div>\n\t\t<\/div>\n\t\t\t\t\t<\/div>\n\t\t<\/section>\n\t\t\t\t<\/div>\n\t\t<\/div>\n\t\t\t\t\t\t<\/div>\n\t\t\t\t\t<\/div>\n\t\t<\/div>\n\t\t\t\t\t<\/div>\n\t\t<\/section>\n\t\t\t\t<\/div>","protected":false},"excerpt":{"rendered":"<p>rencontrez nous Recrutement International Permis N\u00b0 : AR-2101903 La disponibilit\u00e9 de la main-d\u2019\u0153uvre sp\u00e9cialis\u00e9e est un enjeu \u00e9conomique majeur pour le d\u00e9veloppement des entreprises qu\u00e9b\u00e9coises et canadiennes.Dans un contexte o\u00f9 les travailleurs qualifi\u00e9s sont rares et en forte demande, le recrutement \u00e0 l\u2019international est une solution fiable et intuitive pour stimuler et consolider la croissance [&hellip;]<\/p>\n","protected":false},"author":4,"featured_media":0,"parent":1205,"menu_order":0,"comment_status":"closed","ping_status":"closed","template":"","meta":{"footnotes":""},"class_list":["post-2118","page","type-page","status-publish","hentry"],"_links":{"self":[{"href":"https:\/\/wviscanada.ca\/en_ca\/wp-json\/wp\/v2\/pages\/2118","targetHints":{"allow":["GET"]}}],"collection":[{"href":"https:\/\/wviscanada.ca\/en_ca\/wp-json\/wp\/v2\/pages"}],"about":[{"href":"https:\/\/wviscanada.ca\/en_ca\/wp-json\/wp\/v2\/types\/page"}],"author":[{"embeddable":true,"href":"https:\/\/wviscanada.ca\/en_ca\/wp-json\/wp\/v2\/users\/4"}],"replies":[{"embeddable":true,"href":"https:\/\/wviscanada.ca\/en_ca\/wp-json\/wp\/v2\/comments?post=2118"}],"version-history":[{"count":22,"href":"https:\/\/wviscanada.ca\/en_ca\/wp-json\/wp\/v2\/pages\/2118\/revisions"}],"predecessor-version":[{"id":2677,"href":"https:\/\/wviscanada.ca\/en_ca\/wp-json\/wp\/v2\/pages\/2118\/revisions\/2677"}],"up":[{"embeddable":true,"href":"https:\/\/wviscanada.ca\/en_ca\/wp-json\/wp\/v2\/pages\/1205"}],"wp:attachment":[{"href":"https:\/\/wviscanada.ca\/en_ca\/wp-json\/wp\/v2\/media?parent=2118"}],"curies":[{"name":"wp","href":"https:\/\/api.w.org\/{rel}","templated":true}]}}