{"id":1951,"date":"2022-06-26T12:52:07","date_gmt":"2022-06-26T16:52:07","guid":{"rendered":"http:\/\/wviscanada.ca\/?page_id=1951"},"modified":"2022-11-16T08:32:07","modified_gmt":"2022-11-16T13:32:07","slug":"pcp","status":"publish","type":"page","link":"https:\/\/wviscanada.ca\/en_ca\/service-to-individuals\/entree-express\/pcp\/","title":{"rendered":"Provincial Nominee Programs (PNP)"},"content":{"rendered":"<div data-elementor-type=\"wp-post\" data-elementor-id=\"1951\" class=\"elementor elementor-1951\" data-elementor-post-type=\"page\">\n\t\t\t\t\t\t<section class=\"elementor-section elementor-top-section elementor-element elementor-element-ff8f22c elementor-section-boxed elementor-section-height-default elementor-section-height-default\" data-id=\"ff8f22c\" data-element_type=\"section\" data-e-type=\"section\">\n\t\t\t\t\t\t<div class=\"elementor-container elementor-column-gap-default\">\n\t\t\t\t\t<div class=\"elementor-column elementor-col-50 elementor-top-column elementor-element elementor-element-b990b6f\" data-id=\"b990b6f\" data-element_type=\"column\" data-e-type=\"column\">\n\t\t\t<div class=\"elementor-widget-wrap elementor-element-populated\">\n\t\t\t\t\t\t<section class=\"elementor-section elementor-inner-section elementor-element elementor-element-dba89ca elementor-section-boxed elementor-section-height-default elementor-section-height-default\" data-id=\"dba89ca\" data-element_type=\"section\" data-e-type=\"section\" data-settings=\"{&quot;background_background&quot;:&quot;classic&quot;}\">\n\t\t\t\t\t\t<div class=\"elementor-container elementor-column-gap-default\">\n\t\t\t\t\t<div class=\"elementor-column elementor-col-100 elementor-inner-column elementor-element elementor-element-f021292\" data-id=\"f021292\" data-element_type=\"column\" data-e-type=\"column\" data-settings=\"{&quot;background_background&quot;:&quot;classic&quot;}\">\n\t\t\t<div class=\"elementor-widget-wrap elementor-element-populated\">\n\t\t\t\t\t\t<div class=\"elementor-element elementor-element-583138e elementor-widget elementor-widget-spacer\" data-id=\"583138e\" data-element_type=\"widget\" data-e-type=\"widget\" data-settings=\"{&quot;_animation&quot;:&quot;none&quot;}\" data-widget_type=\"spacer.default\">\n\t\t\t\t\t\t\t<div class=\"elementor-spacer\">\n\t\t\t<div class=\"elementor-spacer-inner\"><\/div>\n\t\t<\/div>\n\t\t\t\t\t\t<\/div>\n\t\t\t\t\t<\/div>\n\t\t<\/div>\n\t\t\t\t\t<\/div>\n\t\t<\/section>\n\t\t\t\t<div class=\"elementor-element elementor-element-052a3f5 elementor-widget elementor-widget-visahub-aboutinfo\" data-id=\"052a3f5\" data-element_type=\"widget\" data-e-type=\"widget\" data-widget_type=\"visahub-aboutinfo.default\">\n\t\t\t\t<div class=\"elementor-widget-container\">\n\t\t\t\t\t<div class=\"contentstyle\">\n\n\t\t\t\t    <h2>Provincial Nominee Programs (PNP)<\/h2> <!-- heading title -->\n\n\t\t\t\t    <p class=\"lead\"><\/p> <!-- lead font -->\n\t\t\t\t    \n\t\t\t\t    <p><p>There are over 80 provincial immigration streams. This is why it can be difficult to find the best Canadian immigration program that will suit you best.<\/p><p>Here you will find a brief summary of the provincial programs that provide access to permanent residence in Canada, as well as links to these provinces.<\/p><p>You will also find the <a href=\"https:\/\/www.canada.ca\/fr\/immigration-refugies-citoyennete\/services\/immigrer-canada\/entree-express\/soumettre-profil\/selections-candidats.html\">PCP invitation round results<\/a>.<\/p><div class=\"mrgn-lft-md mrgn-rght-md\"><h2 class=\"mrgn-tp-0\">About the process<\/h2><p>This is the paper-based application process for the <a href=\"https:\/\/www.canada.ca\/fr\/immigration-refugies-citoyennete\/services\/immigrer-canada\/candidats-provinces\/fonctionnement.html\">Provincial Nominee Program<\/a>.<\/p><p>Your request will take place in <strong>two step<\/strong>\u00a0:<\/p><ol><li>First, you need to decide where you want to live in Canada and apply for nomination to that province or territory. We will then examine your request taking into account:<ul><li>immigration needs; <strong>and<\/strong><\/li><li>your real desire to settle there.<\/li><\/ul><\/li><li>Once a province or territory has nominated you, you must submit an application for permanent residence to Immigration, Refugees and Citizenship Canada. We will assess your application based on Canadian immigration laws.<\/li><\/ol><p>The following instructions are for Step 2 of the application process.<\/p><\/div><h2>Eligibility<\/h2><p>To apply as a provincial nominee, you must:<\/p><ul><li>meet the basic criteria of one of the provincial or territorial program streams (this stream must not fall under Express Entry);<\/li><li>have obtained a designation under this component.<\/li><\/ul><h3 id=\"designation\">If you do not have a designation<\/h3><p>To be nominated by a province or territory<sup id=\"fn*-0-rf\"><\/sup>, you must follow the instructions presented on its website and communicate directly with the administration concerned:<\/p><ul><li><pre><a href=\"https:\/\/www.alberta.ca\/ainp.aspx\">Alberta Provincial Nominee Program (ACP)<\/a><\/pre><\/li><li><pre><a href=\"https:\/\/www.welcomebc.ca\/Immigrate-to-B-C\/B-C-Provincial-Nominee-Program\">British Columbia Provincial Nominee Program (BC PNP)<\/a><\/pre><\/li><li><pre><a href=\"https:\/\/www.princeedwardisland.ca\/fr\/sujet\/bureau-de-limmigration\">Prince Edward Island Nominee Program<\/a><\/pre><\/li><li class=\"sa_pnp_title\"><pre><a href=\"http:\/\/www.immigratemanitoba.com\/immigrate-to-manitoba\/general-mpnp-policies\/\">Manitoba Nominee Program (MPP)<\/a><\/pre><\/li><li class=\"sa_pnp_title\"><pre><a href=\"https:\/\/www.welcomenb.ca\/content\/wel-bien\/fr\/Immigrer\/content\/CommentImmigrer\/ProgrammeDesCandidatsDuNB-PCNB.html\">New Brunswick Provincial Nominee Program (NBNP)<\/a><\/pre><\/li><li class=\"sa_pnp_title\"><pre><a href=\"https:\/\/novascotiaimmigration.com\/demenager-en-nouvelle-ecosse\/\">Nova Scotia Provincial Nominee Program (NSNP)<\/a><\/pre><\/li><li class=\"sa_pnp_title\"><pre><a href=\"https:\/\/www.ontario.ca\/fr\/page\/programme-ontarien-des-candidats-limmigration-poci-0\">Ontario Immigrant Nominee Program (OINP)<\/a><\/pre><\/li><li class=\"sa_pnp_title\"><pre><a href=\"https:\/\/www.saskatchewan.ca\/residents\/moving-to-saskatchewan\/immigrating-to-saskatchewan\/saskatchewan-immigrant-nominee-program\/apply-to-the-sinp\">Saskatchewan Immigrant Nominee Program (SINP)<\/a><\/pre><\/li><li class=\"sa_pnp_title\"><pre><a href=\"https:\/\/www.gov.nl.ca\/immigration\/fr\/immigrer-a-terre-neuve-et-labrador\/programme-des-candidats-de-la-province-de-terre-neuve-et-labrador\/apercu\/\">Newfoundland and Labrador Nominee Program<\/a><\/pre><\/li><li class=\"sa_pnp_title\"><pre><a href=\"http:\/\/www.immigratenwt.ca\/\">Northwest Territories Nominee Program (NTNP)<\/a><\/pre><\/li><li><a href=\"https:\/\/yukon.ca\/fr\/entreprises\/programme-territorial-de-candidature-limmigration\/presenter-une-demande-pour-embaucher\">Yukon Nominee Program (YPN)<\/a><\/li><\/ul><p><strong><em>The province of Quebec does not offer PCP. Consult\u00a0 <a href=\"http:\/\/wviscanada.ca\/en_ca\/service-to-individuals\/arrima-residence-permanente-au-quebec\/\">this page<\/a> to learn more about its programs.<\/em><\/strong><\/p><\/p> <!-- description -->\n\t\t\t\t    \n\t\t\t\t     <!-- list style -->\n\n\t\t\t\t\t <!-- Button -->\n\n\t\t\t\t<\/div>\t\t\t\t<\/div>\n\t\t\t\t<\/div>\n\t\t\t\t<section class=\"elementor-section elementor-inner-section elementor-element elementor-element-008040b elementor-section-boxed elementor-section-height-default elementor-section-height-default\" data-id=\"008040b\" data-element_type=\"section\" data-e-type=\"section\">\n\t\t\t\t\t\t<div class=\"elementor-container elementor-column-gap-default\">\n\t\t\t\t\t<div class=\"elementor-column elementor-col-100 elementor-inner-column elementor-element elementor-element-9958eb3\" data-id=\"9958eb3\" data-element_type=\"column\" data-e-type=\"column\">\n\t\t\t<div class=\"elementor-widget-wrap\">\n\t\t\t\t\t\t\t<\/div>\n\t\t<\/div>\n\t\t\t\t\t<\/div>\n\t\t<\/section>\n\t\t\t\t\t<\/div>\n\t\t<\/div>\n\t\t\t\t<div class=\"elementor-column elementor-col-50 elementor-top-column elementor-element elementor-element-61f70bc\" data-id=\"61f70bc\" data-element_type=\"column\" data-e-type=\"column\">\n\t\t\t<div class=\"elementor-widget-wrap elementor-element-populated\">\n\t\t\t\t\t\t<div class=\"elementor-element elementor-element-01ab2cf elementor-widget elementor-widget-shortcode\" data-id=\"01ab2cf\" data-element_type=\"widget\" data-e-type=\"widget\" data-widget_type=\"shortcode.default\">\n\t\t\t\t\t\t\t<div class=\"elementor-shortcode\">\t\t<div data-elementor-type=\"section\" data-elementor-id=\"1292\" class=\"elementor elementor-1292\" data-elementor-post-type=\"elementor_library\">\n\t\t\t\t\t<section class=\"elementor-section elementor-top-section elementor-element elementor-element-375df7e elementor-section-boxed elementor-section-height-default elementor-section-height-default\" data-id=\"375df7e\" data-element_type=\"section\" data-e-type=\"section\">\n\t\t\t\t\t\t<div class=\"elementor-container elementor-column-gap-default\">\n\t\t\t\t\t<div class=\"elementor-column elementor-col-100 elementor-top-column elementor-element elementor-element-87d5d35\" data-id=\"87d5d35\" data-element_type=\"column\" data-e-type=\"column\">\n\t\t\t<div class=\"elementor-widget-wrap elementor-element-populated\">\n\t\t\t\t\t\t<div class=\"elementor-element elementor-element-747fdbd elementor-widget elementor-widget-heading\" data-id=\"747fdbd\" data-element_type=\"widget\" data-e-type=\"widget\" data-widget_type=\"heading.default\">\n\t\t\t\t\t<h2 class=\"elementor-heading-title elementor-size-default\">Services<\/h2>\t\t\t\t<\/div>\n\t\t\t\t<div class=\"elementor-element elementor-element-0c50edf elementor-nav-menu--stretch elementor-nav-menu__text-align-center elementor-nav-menu__align-start elementor-nav-menu--dropdown-tablet elementor-nav-menu--toggle elementor-nav-menu--burger elementor-widget elementor-widget-nav-menu\" data-id=\"0c50edf\" data-element_type=\"widget\" data-e-type=\"widget\" data-settings=\"{&quot;layout&quot;:&quot;vertical&quot;,&quot;full_width&quot;:&quot;stretch&quot;,&quot;submenu_icon&quot;:{&quot;value&quot;:&quot;&lt;svg class=\\&quot;e-font-icon-svg e-fas-caret-down\\&quot; viewBox=\\&quot;0 0 320 512\\&quot; xmlns=\\&quot;http:\\\/\\\/www.w3.org\\\/2000\\\/svg\\&quot;&gt;&lt;path d=\\&quot;M31.3 192h257.3c17.8 0 26.7 21.5 14.1 34.1L174.1 354.8c-7.8 7.8-20.5 7.8-28.3 0L17.2 226.1C4.6 213.5 13.5 192 31.3 192z\\&quot;&gt;&lt;\\\/path&gt;&lt;\\\/svg&gt;&quot;,&quot;library&quot;:&quot;fa-solid&quot;},&quot;toggle&quot;:&quot;burger&quot;}\" data-widget_type=\"nav-menu.default\">\n\t\t\t\t<div class=\"elementor-widget-container\">\n\t\t\t\t\t\t\t\t<nav aria-label=\"Menu\" class=\"elementor-nav-menu--main elementor-nav-menu__container elementor-nav-menu--layout-vertical e--pointer-underline e--animation-fade\">\n\t\t\t\t<ul id=\"menu-1-0c50edf\" class=\"elementor-nav-menu sm-vertical\"><li class=\"menu-item menu-item-type-post_type menu-item-object-page menu-item-1318\"><a href=\"https:\/\/wviscanada.ca\/en_ca\/service-to-individuals\/visa-et-supervisas\/\" class=\"elementor-item\">Visas and Supervisas<\/a><\/li>\n<li class=\"menu-item menu-item-type-post_type menu-item-object-page menu-item-1319\"><a href=\"https:\/\/wviscanada.ca\/en_ca\/service-to-individuals\/permis-detude\/\" class=\"elementor-item\">Study permit<\/a><\/li>\n<li class=\"menu-item menu-item-type-post_type menu-item-object-page menu-item-1320\"><a href=\"https:\/\/wviscanada.ca\/en_ca\/service-to-individuals\/travailleurs-temporaires\/\" class=\"elementor-item\">Work permit<\/a><\/li>\n<li class=\"menu-item menu-item-type-post_type menu-item-object-page menu-item-1272\"><a href=\"https:\/\/wviscanada.ca\/en_ca\/service-to-individuals\/entree-express\/\" class=\"elementor-item\">Express Entry<\/a><\/li>\n<\/ul>\t\t\t<\/nav>\n\t\t\t\t\t<div class=\"elementor-menu-toggle\" role=\"button\" tabindex=\"0\" aria-label=\"Menu Toggle\" aria-expanded=\"false\">\n\t\t\t<svg aria-hidden=\"true\" role=\"presentation\" class=\"elementor-menu-toggle__icon--open e-font-icon-svg e-eicon-menu-bar\" viewbox=\"0 0 1000 1000\" xmlns=\"http:\/\/www.w3.org\/2000\/svg\"><path d=\"M104 333H896C929 333 958 304 958 271S929 208 896 208H104C71 208 42 237 42 271S71 333 104 333ZM104 583H896C929 583 958 554 958 521S929 458 896 458H104C71 458 42 487 42 521S71 583 104 583ZM104 833H896C929 833 958 804 958 771S929 708 896 708H104C71 708 42 737 42 771S71 833 104 833Z\"><\/path><\/svg><svg aria-hidden=\"true\" role=\"presentation\" class=\"elementor-menu-toggle__icon--close e-font-icon-svg e-eicon-close\" viewbox=\"0 0 1000 1000\" xmlns=\"http:\/\/www.w3.org\/2000\/svg\"><path d=\"M742 167L500 408 258 167C246 154 233 150 217 150 196 150 179 158 167 167 154 179 150 196 150 212 150 229 154 242 171 254L408 500 167 742C138 771 138 800 167 829 196 858 225 858 254 829L496 587 738 829C750 842 767 846 783 846 800 846 817 842 829 829 842 817 846 804 846 783 846 767 842 750 829 737L588 500 833 258C863 229 863 200 833 171 804 137 775 137 742 167Z\"><\/path><\/svg>\t\t\t<span class=\"elementor-screen-only\">Menu<\/span>\n\t\t<\/div>\n\t\t\t\t\t<nav class=\"elementor-nav-menu--dropdown elementor-nav-menu__container\" aria-hidden=\"true\">\n\t\t\t\t<ul id=\"menu-2-0c50edf\" class=\"elementor-nav-menu sm-vertical\"><li class=\"menu-item menu-item-type-post_type menu-item-object-page menu-item-1318\"><a href=\"https:\/\/wviscanada.ca\/en_ca\/service-to-individuals\/visa-et-supervisas\/\" class=\"elementor-item\" tabindex=\"-1\">Visas and Supervisas<\/a><\/li>\n<li class=\"menu-item menu-item-type-post_type menu-item-object-page menu-item-1319\"><a href=\"https:\/\/wviscanada.ca\/en_ca\/service-to-individuals\/permis-detude\/\" class=\"elementor-item\" tabindex=\"-1\">Study permit<\/a><\/li>\n<li class=\"menu-item menu-item-type-post_type menu-item-object-page menu-item-1320\"><a href=\"https:\/\/wviscanada.ca\/en_ca\/service-to-individuals\/travailleurs-temporaires\/\" class=\"elementor-item\" tabindex=\"-1\">Work permit<\/a><\/li>\n<li class=\"menu-item menu-item-type-post_type menu-item-object-page menu-item-1272\"><a href=\"https:\/\/wviscanada.ca\/en_ca\/service-to-individuals\/entree-express\/\" class=\"elementor-item\" tabindex=\"-1\">Express Entry<\/a><\/li>\n<\/ul>\t\t\t<\/nav>\n\t\t\t\t\t\t<\/div>\n\t\t\t\t<\/div>\n\t\t\t\t<div class=\"elementor-element elementor-element-2cc4e3d elementor-widget elementor-widget-html\" data-id=\"2cc4e3d\" data-element_type=\"widget\" data-e-type=\"widget\" data-widget_type=\"html.default\">\n\t\t\t\t\t<iframe src=\"https:\/\/www.facebook.com\/plugins\/page.php?href=https%3A%2F%2Fwww.facebook.com%2Fwviscanada%2F&tabs=timeline&width=750&height=500&small_header=false&adapt_container_width=true&hide_cover=false&show_facepile=false&appId\" width=\"750\" height=\"500\" style=\"border:none;overflow:hidden\" scrolling=\"no\" frameborder=\"0\" allowfullscreen=\"true\" allow=\"autoplay; clipboard-write; encrypted-media; picture-in-picture; web-share\"><\/iframe>\n\n\t\t\t\t<\/div>\n\t\t\t\t<div class=\"elementor-element elementor-element-977596d elementor-widget elementor-widget-visahub-testimonials\" data-id=\"977596d\" data-element_type=\"widget\" data-e-type=\"widget\" data-widget_type=\"visahub-testimonials.default\">\n\t\t\t\t<div class=\"elementor-widget-container\">\n\t\t\t\t\t<div class=\"card-testimonial card-testimonial-light\">\n\t\t\t\t\t    <div class=\"card-testimonial-img\"><img decoding=\"async\" src=\"http:\/\/wviscanada.ca\/wp-content\/uploads\/2022\/02\/icons8-user-90.png\" alt=\" Wokgou&eacute; Visa &amp; Immigration Services\" class=\"rounded-circle img-responsive img-shadow\"><\/div> <div class=\"card-testimonial-content\"><p class=\"card-testimonial-text\">I thank the firm for its incredible efforts! the sound advice provided by the consultant throughout the process of my application, allowed me to renew my status.<\/p><\/div>\n\t\t\t\t\t    <div class=\"card-testimonial-info\">\n\t\t\t\t\t        <span class=\"card-testimonial-flag\"><img decoding=\"async\" src=\"https:\/\/wviscanada.ca\/wp-content\/plugins\/wp-organic-visahub\/assets\/country\/canada.svg\" class=\"flag-small img-responsive img-shadow\"><\/span>  <h4 class=\"card-testimonial-name\">ANONYMOUS<\/h4> <p><small>Work permit<\/small><\/p>\n\t\t\t\t\t    <\/div>\n\t\t\t\t\t<\/div>\t\t\t\t<\/div>\n\t\t\t\t<\/div>\n\t\t\t\t\t<\/div>\n\t\t<\/div>\n\t\t\t\t\t<\/div>\n\t\t<\/section>\n\t\t\t\t<\/div>\n\t\t<\/div>\n\t\t\t\t\t\t<\/div>\n\t\t\t\t<div class=\"elementor-element elementor-element-535bd79 text-center elementor-widget elementor-widget-visahub-buttons\" data-id=\"535bd79\" data-element_type=\"widget\" data-e-type=\"widget\" data-widget_type=\"visahub-buttons.default\">\n\t\t\t\t<div class=\"elementor-widget-container\">\n\t\t\t\t\t<a href=\"https:\/\/boox.dev\/wviscanada\" class=\"btn btn-default btn-lg\">Etes-vous admissible \u00e0 un PCP ?<\/a>\t\t\t\t<\/div>\n\t\t\t\t<\/div>\n\t\t\t\t\t<\/div>\n\t\t<\/div>\n\t\t\t\t\t<\/div>\n\t\t<\/section>\n\t\t\t\t<\/div>","protected":false},"excerpt":{"rendered":"<p>Programmes des Candidats des Provinces (PCP) Il existe plus de 80 volets d&rsquo;immigration provinciaux. Raison pour laquelle il peut s&rsquo;av\u00e9rer difficile de trouver le meilleur programme d&rsquo;immigration canadien qui vous conviendra le mieux. Vous trouverez ici un bref r\u00e9sum\u00e9 des programmes provinciaux qui donnent acc\u00e8s \u00e0 la r\u00e9sidence permanente au Canada, ainsi que des liens [&hellip;]<\/p>\n","protected":false},"author":1,"featured_media":0,"parent":1255,"menu_order":0,"comment_status":"closed","ping_status":"closed","template":"","meta":{"footnotes":""},"class_list":["post-1951","page","type-page","status-publish","hentry"],"_links":{"self":[{"href":"https:\/\/wviscanada.ca\/en_ca\/wp-json\/wp\/v2\/pages\/1951","targetHints":{"allow":["GET"]}}],"collection":[{"href":"https:\/\/wviscanada.ca\/en_ca\/wp-json\/wp\/v2\/pages"}],"about":[{"href":"https:\/\/wviscanada.ca\/en_ca\/wp-json\/wp\/v2\/types\/page"}],"author":[{"embeddable":true,"href":"https:\/\/wviscanada.ca\/en_ca\/wp-json\/wp\/v2\/users\/1"}],"replies":[{"embeddable":true,"href":"https:\/\/wviscanada.ca\/en_ca\/wp-json\/wp\/v2\/comments?post=1951"}],"version-history":[{"count":38,"href":"https:\/\/wviscanada.ca\/en_ca\/wp-json\/wp\/v2\/pages\/1951\/revisions"}],"predecessor-version":[{"id":2706,"href":"https:\/\/wviscanada.ca\/en_ca\/wp-json\/wp\/v2\/pages\/1951\/revisions\/2706"}],"up":[{"embeddable":true,"href":"https:\/\/wviscanada.ca\/en_ca\/wp-json\/wp\/v2\/pages\/1255"}],"wp:attachment":[{"href":"https:\/\/wviscanada.ca\/en_ca\/wp-json\/wp\/v2\/media?parent=1951"}],"curies":[{"name":"wp","href":"https:\/\/api.w.org\/{rel}","templated":true}]}}