{"id":1829,"date":"2022-06-25T09:28:06","date_gmt":"2022-06-25T13:28:06","guid":{"rendered":"http:\/\/wviscanada.ca\/?page_id=1829"},"modified":"2022-11-16T08:43:07","modified_gmt":"2022-11-16T13:43:07","slug":"arrima-residence-permanente-au-quebec","status":"publish","type":"page","link":"https:\/\/wviscanada.ca\/en_ca\/service-to-individuals\/arrima-residence-permanente-au-quebec\/","title":{"rendered":"Arrima: Permanent residence in Quebec"},"content":{"rendered":"\t\t<div data-elementor-type=\"wp-post\" data-elementor-id=\"1829\" class=\"elementor elementor-1829\" data-elementor-post-type=\"page\">\n\t\t\t\t\t\t<section class=\"elementor-section elementor-top-section elementor-element elementor-element-ff8f22c elementor-section-boxed elementor-section-height-default elementor-section-height-default\" data-id=\"ff8f22c\" data-element_type=\"section\" data-e-type=\"section\">\n\t\t\t\t\t\t<div class=\"elementor-container elementor-column-gap-default\">\n\t\t\t\t\t<div class=\"elementor-column elementor-col-66 elementor-top-column elementor-element elementor-element-b990b6f\" data-id=\"b990b6f\" data-element_type=\"column\" data-e-type=\"column\">\n\t\t\t<div class=\"elementor-widget-wrap elementor-element-populated\">\n\t\t\t\t\t\t<section class=\"elementor-section elementor-inner-section elementor-element elementor-element-dba89ca elementor-section-boxed elementor-section-height-default elementor-section-height-default\" data-id=\"dba89ca\" data-element_type=\"section\" data-e-type=\"section\">\n\t\t\t\t\t\t<div class=\"elementor-container elementor-column-gap-default\">\n\t\t\t\t\t<div class=\"elementor-column elementor-col-100 elementor-inner-column elementor-element elementor-element-f021292\" data-id=\"f021292\" data-element_type=\"column\" data-e-type=\"column\" data-settings=\"{&quot;background_background&quot;:&quot;classic&quot;}\">\n\t\t\t<div class=\"elementor-widget-wrap elementor-element-populated\">\n\t\t\t\t\t\t<div class=\"elementor-element elementor-element-583138e elementor-widget elementor-widget-spacer\" data-id=\"583138e\" data-element_type=\"widget\" data-e-type=\"widget\" data-widget_type=\"spacer.default\">\n\t\t\t\t\t\t\t<div class=\"elementor-spacer\">\n\t\t\t<div class=\"elementor-spacer-inner\"><\/div>\n\t\t<\/div>\n\t\t\t\t\t\t<\/div>\n\t\t\t\t\t<\/div>\n\t\t<\/div>\n\t\t\t\t\t<\/div>\n\t\t<\/section>\n\t\t\t\t<div class=\"elementor-element elementor-element-052a3f5 elementor-widget elementor-widget-visahub-aboutinfo\" data-id=\"052a3f5\" data-element_type=\"widget\" data-e-type=\"widget\" data-widget_type=\"visahub-aboutinfo.default\">\n\t\t\t\t<div class=\"elementor-widget-container\">\n\t\t\t\t\t<div class=\"contentstyle\">\n\n\t\t\t\t    <h2><span style=\"color: blue;\">Arrima : en bref !<\/span><\/h2> <!-- heading title -->\n\n\t\t\t\t    <p class=\"lead\"><\/p> <!-- lead font -->\n\t\t\t\t    \n\t\t\t\t    <p><p>Avant l'introduction d'Arrima, le Qu\u00e9bec utilisait un syst\u00e8me de demandes sur papier pour s\u00e9lectionner les candidats \u00e0 l'immigration, ce qui g\u00e9n\u00e9rait de longs d\u00e9lais de traitement et ne permettait pas de rattacher efficacement les personnes int\u00e9ress\u00e9es \u00e0 immigrer dans la province avec les besoins les plus imm\u00e9diats du march\u00e9 du travail. L'objectif de la plateforme Arrima est d'acc\u00e9l\u00e9rer le traitement des demandes d'immigration et de mieux \u00ab\u00a0arrimer\u00a0\u00bb les candidats potentiels \u00e0 l'immigration aux besoins du march\u00e9 du travail qu\u00e9b\u00e9cois.<\/p><p>Arrima est donc un syst\u00e8me \u00e9lectronique gratuit utilis\u00e9 par la province du Qu\u00e9bec pour g\u00e9rer les candidatures de travailleurs qualifi\u00e9s au Qu\u00e9bec. Il fonctionne sous le m\u00eame principe que le syst\u00e8me f\u00e9d\u00e9ral Entr\u00e9e Express. Dans le cadre du Programme r\u00e9gulier des travailleurs qualifi\u00e9s du Qu\u00e9bec, le candidat \u00e9tranger \u00e2g\u00e9 de 18 ans et plus, qui souhaite s\u2019installer dans la province du Qu\u00e9bec, doit cr\u00e9er son profil, puis soumettre une d\u00e9claration d\u2019int\u00e9r\u00eat (DI) dans le syst\u00e8me Arrima. En cas d\u2019admissibilit\u00e9, le candidat \u00e9tranger se verra attribuer un score et sera class\u00e9 par rapport aux autres candidats dans le\u00a0bassin Arrima.<\/p><p><strong>Programme r\u00e9gulier des travailleurs qualifi\u00e9s du Qu\u00e9bec dans Arrima<\/strong><\/p><p>Les candidats \u00e9trangers int\u00e9ress\u00e9s cr\u00e9ent un profil en ligne sur la plateforme Arrima et soumettent une d\u00e9claration d\u2019int\u00e9r\u00eat, afin d'\u00eatre \u00e9valu\u00e9s sur la base d'un syst\u00e8me de notation. Le score est calcul\u00e9 en tenant compte de plusieurs facteurs sp\u00e9cifiques, tels que\u00a0:<\/p><ul><li>le niveau et le domaine de formation,<\/li><li>l'exp\u00e9rience professionnelle,<\/li><li>les comp\u00e9tences linguistiques,<\/li><li>les liens avec la province du Qu\u00e9bec,<\/li><li>une offre d'emploi valid\u00e9e par le minist\u00e8re,<\/li><li>les caract\u00e9ristiques de l\u2019\u00e9poux ou conjoint de fait qui accompagne, le cas \u00e9ch\u00e9ant,<\/li><li>la pr\u00e9sence d'enfants accompagnateurs de moins de 22 ans et<\/li><li>la capacit\u00e9 d'autonomie financi\u00e8re.<\/li><\/ul><p>Les candidats admissibles sont inscrits dans le bassin de candidats. A intervalles r\u00e9guliers, le gouvernement du Qu\u00e9bec s\u00e9lectionne les candidats les mieux class\u00e9s dans le bassin Arrima et les invite \u00e0 soumettre une demande compl\u00e8te pour obtenir un Certificat de s\u00e9lection permanente du Qu\u00e9bec (CSQ), dont l\u2019obtention est pr\u00e9alable \u00e0 la demande de r\u00e9sidence permanente aupr\u00e8s d'Immigration, R\u00e9fugi\u00e9s et Citoyennet\u00e9 Canada (IRCC). Ci-dessous les \u00e9tapes \u00e0 accomplir pour \u00eatre immigrer au Qu\u00e9bec dans le cadre du PRTQ :<\/p><ol><li>Cr\u00e9ez votre profil et soumettez une d\u00e9claration d'int\u00e9r\u00eat dans Arrima ;<\/li><li>Une fois la d\u00e9claration d'int\u00e9r\u00eat soumise, vous recevrez un score bas\u00e9 sur des crit\u00e8res pr\u00e9d\u00e9termin\u00e9s.<\/li><li>Si vous recevez \u00a0l\u2019invitation \u00e0 pr\u00e9senter une demande compl\u00e8te en vue d'une s\u00e9lection permanente, vous disposerez de 60 jours pour compl\u00e9ter votre dossier de candidature et le soumettre au MIFI ;<\/li><li>Le MIFI examinera la demande compl\u00e8te et, si elle est accept\u00e9e, vous recevrez un CSQ dans un d\u00e9lai approximatif de 6 mois.<\/li><li>Une fois que vous aurez re\u00e7u un CSQ, vous pourrez pr\u00e9senter une demande de r\u00e9sidence permanente canadienne aupr\u00e8s du gouvernement f\u00e9d\u00e9ral.<\/li><\/ol><p>Une d\u00e9claration d'int\u00e9r\u00eat reste valable pendant un an dans Arrima et vous pourrez mettre \u00e0 jour votre profil pendant toute la p\u00e9riode de validit\u00e9. Ainsi par exemple, vous pouvez augmenter vos chances d'\u00eatre invit\u00e9 en passant un test linguistique ou en obtenant une offre d'emploi valid\u00e9e dans la province.<\/p><p>Toute personne \u00e2g\u00e9e de 18 ans ou plus peut soumettre une d\u00e9claration d'int\u00e9r\u00eat en remplissant un profil en ligne sur le portail Arrima. Un profil de d\u00e9claration d'int\u00e9r\u00eat est \u00e9valu\u00e9 en fonction d'un syst\u00e8me de notation totalisant 1 320 points et se fonde sur les crit\u00e8res suivants relatifs au <strong>capital humain et aux besoins du march\u00e9 du travail<\/strong> :<\/p><p>Aujourd'hui, Arrima est principalement utilis\u00e9 par le gouvernement du Qu\u00e9bec comme plateforme pour g\u00e9rer les soumissions de DI dans le cadre du PRTQ. La plateforme Arrima est aussi progressivement d\u00e9velopp\u00e9e pour inclure des demandes li\u00e9s \u00e0 d'autres programmes d'immigration \u00e9conomique, \u00e0 l\u2019exemple du Programme de l'exp\u00e9rience qu\u00e9b\u00e9coise (PEQ) pour les travailleurs temporaires et les \u00e9tudiants internationaux.<\/p><p>De nombreuses proc\u00e9dures d'immigration au Qu\u00e9bec peuvent \u00eatre accomplies par le biais de la plateforme Arrima. D\u00e9pendamment du programme pour lequel vous postulez et de l'\u00e9tape \u00e0 laquelle vous vous trouvez dans votre processus d'immigration, vous pouvez :<\/p><ul><li>Acc\u00e9der \u00e0 l\u2019<a href=\"https:\/\/arrima.immigration-quebec.gouv.qc.ca\/monespacepublic\">outil d'auto-\u00e9valuation<\/a> du Qu\u00e9bec pour estimer votre score et \u00e9valuer vos chances de recevoir une invitation \u00e0 pr\u00e9senter une demande de s\u00e9lection permanente ;<\/li><li>Cr\u00e9er, soumettre, compl\u00e9ter et mettre \u00e0 jour votre d\u00e9claration\u00a0d'int\u00e9r\u00eat dans le cadre du PRTQ ;<\/li><li>Pr\u00e9senter une demande de CSQ, soumettre les documents et payer les frais requis pour immigrer au Qu\u00e9bec dans le cadre du PEQ, de l'un des programmes pilotes d'immigration permanente du\u00a0Qu\u00e9bec ;<\/li><li>Pr\u00e9senter une demande de s\u00e9lection temporaire pour \u00e9tudes, cr\u00e9er un profil Arrima pour soumettre des documents justificatifs en tant qu'\u00e9tudiant \u00e9tranger ;<\/li><li>Obtenir des informations et soumettre des formulaires relatifs :<ul><li>\u00e0 une demande d'aide financi\u00e8re pour les cours de fran\u00e7ais \u00e0 temps partiel,<\/li><li>aux diff\u00e9rents programmes d'<em>Accompagnement Qu\u00e9bec<\/em>,<\/li><li>au parrainage collectif des personnes\u00a0r\u00e9fugi\u00e9es \u00e0 l'\u00e9tranger<\/li><\/ul><\/li><\/ul><p>Arrima peut \u00e9galement \u00eatre utilis\u00e9 par les <strong>employeurs et les entreprises<\/strong> pour :<\/p><ul><li>Obtenir un soutien personnalis\u00e9 de la part du minist\u00e8re de l'immigration ;<\/li><li>Contacter les travailleurs \u00e9trangers qui correspondent \u00e0 leurs besoins en main-d'\u0153uvre et leur faire une offre d\u2019emploi au Qu\u00e9bec gr\u00e2ce au portail des employeurs.<\/li><\/ul><p>\u00a0<\/p><p><strong>Candidats int\u00e9ress\u00e9s<\/strong> : D\u00e9couvrez si vous \u00eates admissibles \u00e0 immigrer au Qu\u00e9bec. Remplissez notre formulaire d\u2019\u00e9valuation en ligne gratuite. Nous vous fournirons notre \u00e9valuation dans un d\u00e9lai de 24 \u00e0 48 heures.<\/p><\/p> <!-- description -->\n\t\t\t\t    \n\t\t\t\t     <!-- list style -->\n\n\t\t\t\t\t <!-- Button -->\n\n\t\t\t\t<\/div>\t\t\t\t<\/div>\n\t\t\t\t<\/div>\n\t\t\t\t<section class=\"elementor-section elementor-inner-section elementor-element elementor-element-008040b elementor-section-boxed elementor-section-height-default elementor-section-height-default\" data-id=\"008040b\" data-element_type=\"section\" data-e-type=\"section\">\n\t\t\t\t\t\t<div class=\"elementor-container elementor-column-gap-default\">\n\t\t\t\t\t<div class=\"elementor-column elementor-col-100 elementor-inner-column elementor-element elementor-element-9958eb3\" data-id=\"9958eb3\" data-element_type=\"column\" data-e-type=\"column\">\n\t\t\t<div class=\"elementor-widget-wrap\">\n\t\t\t\t\t\t\t<\/div>\n\t\t<\/div>\n\t\t\t\t\t<\/div>\n\t\t<\/section>\n\t\t\t\t\t<\/div>\n\t\t<\/div>\n\t\t\t\t<div class=\"elementor-column elementor-col-33 elementor-top-column elementor-element elementor-element-61f70bc\" data-id=\"61f70bc\" data-element_type=\"column\" data-e-type=\"column\">\n\t\t\t<div class=\"elementor-widget-wrap elementor-element-populated\">\n\t\t\t\t\t\t<div class=\"elementor-element elementor-element-01ab2cf elementor-widget elementor-widget-shortcode\" data-id=\"01ab2cf\" data-element_type=\"widget\" data-e-type=\"widget\" data-widget_type=\"shortcode.default\">\n\t\t\t\t\t\t\t<div class=\"elementor-shortcode\">\t\t<div data-elementor-type=\"section\" data-elementor-id=\"1292\" class=\"elementor elementor-1292\" data-elementor-post-type=\"elementor_library\">\n\t\t\t\t\t<section class=\"elementor-section elementor-top-section elementor-element elementor-element-375df7e elementor-section-boxed elementor-section-height-default elementor-section-height-default\" data-id=\"375df7e\" data-element_type=\"section\" data-e-type=\"section\">\n\t\t\t\t\t\t<div class=\"elementor-container elementor-column-gap-default\">\n\t\t\t\t\t<div class=\"elementor-column elementor-col-100 elementor-top-column elementor-element elementor-element-87d5d35\" data-id=\"87d5d35\" data-element_type=\"column\" data-e-type=\"column\">\n\t\t\t<div class=\"elementor-widget-wrap elementor-element-populated\">\n\t\t\t\t\t\t<div class=\"elementor-element elementor-element-747fdbd elementor-widget elementor-widget-heading\" data-id=\"747fdbd\" data-element_type=\"widget\" data-e-type=\"widget\" data-widget_type=\"heading.default\">\n\t\t\t\t\t<h2 class=\"elementor-heading-title elementor-size-default\">Services<\/h2>\t\t\t\t<\/div>\n\t\t\t\t<div class=\"elementor-element elementor-element-0c50edf elementor-nav-menu--stretch elementor-nav-menu__text-align-center elementor-nav-menu__align-start elementor-nav-menu--dropdown-tablet elementor-nav-menu--toggle elementor-nav-menu--burger elementor-widget elementor-widget-nav-menu\" data-id=\"0c50edf\" data-element_type=\"widget\" data-e-type=\"widget\" data-settings=\"{&quot;layout&quot;:&quot;vertical&quot;,&quot;full_width&quot;:&quot;stretch&quot;,&quot;submenu_icon&quot;:{&quot;value&quot;:&quot;&lt;svg class=\\&quot;e-font-icon-svg e-fas-caret-down\\&quot; viewBox=\\&quot;0 0 320 512\\&quot; xmlns=\\&quot;http:\\\/\\\/www.w3.org\\\/2000\\\/svg\\&quot;&gt;&lt;path d=\\&quot;M31.3 192h257.3c17.8 0 26.7 21.5 14.1 34.1L174.1 354.8c-7.8 7.8-20.5 7.8-28.3 0L17.2 226.1C4.6 213.5 13.5 192 31.3 192z\\&quot;&gt;&lt;\\\/path&gt;&lt;\\\/svg&gt;&quot;,&quot;library&quot;:&quot;fa-solid&quot;},&quot;toggle&quot;:&quot;burger&quot;}\" data-widget_type=\"nav-menu.default\">\n\t\t\t\t<div class=\"elementor-widget-container\">\n\t\t\t\t\t\t\t\t<nav aria-label=\"Menu\" class=\"elementor-nav-menu--main elementor-nav-menu__container elementor-nav-menu--layout-vertical e--pointer-underline e--animation-fade\">\n\t\t\t\t<ul id=\"menu-1-0c50edf\" class=\"elementor-nav-menu sm-vertical\"><li class=\"menu-item menu-item-type-post_type menu-item-object-page menu-item-1318\"><a href=\"https:\/\/wviscanada.ca\/en_ca\/service-to-individuals\/visa-et-supervisas\/\" class=\"elementor-item\">Visas et Supervisas<\/a><\/li>\n<li class=\"menu-item menu-item-type-post_type menu-item-object-page menu-item-1319\"><a href=\"https:\/\/wviscanada.ca\/en_ca\/service-to-individuals\/permis-detude\/\" class=\"elementor-item\">Permis d\u2019\u00e9tudes<\/a><\/li>\n<li class=\"menu-item menu-item-type-post_type menu-item-object-page menu-item-1320\"><a href=\"https:\/\/wviscanada.ca\/en_ca\/service-to-individuals\/travailleurs-temporaires\/\" class=\"elementor-item\">Permis de travail<\/a><\/li>\n<li class=\"menu-item menu-item-type-post_type menu-item-object-page menu-item-1272\"><a href=\"https:\/\/wviscanada.ca\/en_ca\/service-to-individuals\/entree-express\/\" class=\"elementor-item\">Entr\u00e9e Express<\/a><\/li>\n<\/ul>\t\t\t<\/nav>\n\t\t\t\t\t<div class=\"elementor-menu-toggle\" role=\"button\" tabindex=\"0\" aria-label=\"Menu Toggle\" aria-expanded=\"false\">\n\t\t\t<svg aria-hidden=\"true\" role=\"presentation\" class=\"elementor-menu-toggle__icon--open e-font-icon-svg e-eicon-menu-bar\" viewBox=\"0 0 1000 1000\" xmlns=\"http:\/\/www.w3.org\/2000\/svg\"><path d=\"M104 333H896C929 333 958 304 958 271S929 208 896 208H104C71 208 42 237 42 271S71 333 104 333ZM104 583H896C929 583 958 554 958 521S929 458 896 458H104C71 458 42 487 42 521S71 583 104 583ZM104 833H896C929 833 958 804 958 771S929 708 896 708H104C71 708 42 737 42 771S71 833 104 833Z\"><\/path><\/svg><svg aria-hidden=\"true\" role=\"presentation\" class=\"elementor-menu-toggle__icon--close e-font-icon-svg e-eicon-close\" viewBox=\"0 0 1000 1000\" xmlns=\"http:\/\/www.w3.org\/2000\/svg\"><path d=\"M742 167L500 408 258 167C246 154 233 150 217 150 196 150 179 158 167 167 154 179 150 196 150 212 150 229 154 242 171 254L408 500 167 742C138 771 138 800 167 829 196 858 225 858 254 829L496 587 738 829C750 842 767 846 783 846 800 846 817 842 829 829 842 817 846 804 846 783 846 767 842 750 829 737L588 500 833 258C863 229 863 200 833 171 804 137 775 137 742 167Z\"><\/path><\/svg>\t\t\t<span class=\"elementor-screen-only\">Menu<\/span>\n\t\t<\/div>\n\t\t\t\t\t<nav class=\"elementor-nav-menu--dropdown elementor-nav-menu__container\" aria-hidden=\"true\">\n\t\t\t\t<ul id=\"menu-2-0c50edf\" class=\"elementor-nav-menu sm-vertical\"><li class=\"menu-item menu-item-type-post_type menu-item-object-page menu-item-1318\"><a href=\"https:\/\/wviscanada.ca\/en_ca\/service-to-individuals\/visa-et-supervisas\/\" class=\"elementor-item\" tabindex=\"-1\">Visas et Supervisas<\/a><\/li>\n<li class=\"menu-item menu-item-type-post_type menu-item-object-page menu-item-1319\"><a href=\"https:\/\/wviscanada.ca\/en_ca\/service-to-individuals\/permis-detude\/\" class=\"elementor-item\" tabindex=\"-1\">Permis d\u2019\u00e9tudes<\/a><\/li>\n<li class=\"menu-item menu-item-type-post_type menu-item-object-page menu-item-1320\"><a href=\"https:\/\/wviscanada.ca\/en_ca\/service-to-individuals\/travailleurs-temporaires\/\" class=\"elementor-item\" tabindex=\"-1\">Permis de travail<\/a><\/li>\n<li class=\"menu-item menu-item-type-post_type menu-item-object-page menu-item-1272\"><a href=\"https:\/\/wviscanada.ca\/en_ca\/service-to-individuals\/entree-express\/\" class=\"elementor-item\" tabindex=\"-1\">Entr\u00e9e Express<\/a><\/li>\n<\/ul>\t\t\t<\/nav>\n\t\t\t\t\t\t<\/div>\n\t\t\t\t<\/div>\n\t\t\t\t<div class=\"elementor-element elementor-element-2cc4e3d elementor-widget elementor-widget-html\" data-id=\"2cc4e3d\" data-element_type=\"widget\" data-e-type=\"widget\" data-widget_type=\"html.default\">\n\t\t\t\t\t<iframe src=\"https:\/\/www.facebook.com\/plugins\/page.php?href=https%3A%2F%2Fwww.facebook.com%2Fwviscanada%2F&tabs=timeline&width=750&height=500&small_header=false&adapt_container_width=true&hide_cover=false&show_facepile=false&appId\" width=\"750\" height=\"500\" style=\"border:none;overflow:hidden\" scrolling=\"no\" frameborder=\"0\" allowfullscreen=\"true\" allow=\"autoplay; clipboard-write; encrypted-media; picture-in-picture; web-share\"><\/iframe>\n\n\t\t\t\t<\/div>\n\t\t\t\t<div class=\"elementor-element elementor-element-977596d elementor-widget elementor-widget-visahub-testimonials\" data-id=\"977596d\" data-element_type=\"widget\" data-e-type=\"widget\" data-widget_type=\"visahub-testimonials.default\">\n\t\t\t\t<div class=\"elementor-widget-container\">\n\t\t\t\t\t<div class=\"card-testimonial card-testimonial-light\">\n\t\t\t\t\t    <div class=\"card-testimonial-img\"><img decoding=\"async\" src=\"http:\/\/wviscanada.ca\/wp-content\/uploads\/2022\/02\/icons8-user-90.png\" alt=\" Wokgou&eacute; Visa &amp; Immigration Services\" class=\"rounded-circle img-responsive img-shadow\"><\/div> <div class=\"card-testimonial-content\"><p class=\"card-testimonial-text\">Je remercie le cabinet pour ses efforts incroyables ! les judicieux conseils fournis par le consultant pendant tout le processus de ma demande, m'ont permis de renouveler mon statut.<\/p><\/div>\n\t\t\t\t\t    <div class=\"card-testimonial-info\">\n\t\t\t\t\t        <span class=\"card-testimonial-flag\"><img decoding=\"async\" src=\"https:\/\/wviscanada.ca\/wp-content\/plugins\/wp-organic-visahub\/assets\/country\/canada.svg\" class=\"flag-small img-responsive img-shadow\"><\/span>  <h4 class=\"card-testimonial-name\">ANONYME<\/h4> <p><small>Permis de travail<\/small><\/p>\n\t\t\t\t\t    <\/div>\n\t\t\t\t\t<\/div>\t\t\t\t<\/div>\n\t\t\t\t<\/div>\n\t\t\t\t\t<\/div>\n\t\t<\/div>\n\t\t\t\t\t<\/div>\n\t\t<\/section>\n\t\t\t\t<\/div>\n\t\t<\/div>\n\t\t\t\t\t\t<\/div>\n\t\t\t\t<div class=\"elementor-element elementor-element-535bd79 e-transform e-transform text-center elementor-invisible elementor-widget elementor-widget-visahub-buttons\" data-id=\"535bd79\" data-element_type=\"widget\" data-e-type=\"widget\" data-settings=\"{&quot;motion_fx_motion_fx_scrolling&quot;:&quot;yes&quot;,&quot;motion_fx_motion_fx_mouse&quot;:&quot;yes&quot;,&quot;_animation&quot;:&quot;flash&quot;,&quot;_transform_scale_effect&quot;:{&quot;unit&quot;:&quot;px&quot;,&quot;size&quot;:1,&quot;sizes&quot;:[]},&quot;_transform_scale_effect_hover&quot;:{&quot;unit&quot;:&quot;px&quot;,&quot;size&quot;:1.5,&quot;sizes&quot;:[]},&quot;motion_fx_devices&quot;:[&quot;desktop&quot;,&quot;tablet&quot;,&quot;mobile&quot;],&quot;_transform_scale_effect_tablet&quot;:{&quot;unit&quot;:&quot;px&quot;,&quot;size&quot;:&quot;&quot;,&quot;sizes&quot;:[]},&quot;_transform_scale_effect_mobile&quot;:{&quot;unit&quot;:&quot;px&quot;,&quot;size&quot;:&quot;&quot;,&quot;sizes&quot;:[]},&quot;_transform_scale_effect_hover_tablet&quot;:{&quot;unit&quot;:&quot;px&quot;,&quot;size&quot;:&quot;&quot;,&quot;sizes&quot;:[]},&quot;_transform_scale_effect_hover_mobile&quot;:{&quot;unit&quot;:&quot;px&quot;,&quot;size&quot;:&quot;&quot;,&quot;sizes&quot;:[]}}\" data-widget_type=\"visahub-buttons.default\">\n\t\t\t\t<div class=\"elementor-widget-container\">\n\t\t\t\t\t<a href=\"https:\/\/arrima.immigration-quebec.gouv.qc.ca\/monespacepublic\/calculette\/accueil\" class=\"btn btn-default btn-lg\">Auto\u00e9valuation dans Arrima<\/a>\t\t\t\t<\/div>\n\t\t\t\t<\/div>\n\t\t\t\t\t<\/div>\n\t\t<\/div>\n\t\t\t\t\t<\/div>\n\t\t<\/section>\n\t\t\t\t<\/div>\n\t\t","protected":false},"excerpt":{"rendered":"<p>Arrima : en bref ! Avant l&rsquo;introduction d&rsquo;Arrima, le Qu\u00e9bec utilisait un syst\u00e8me de demandes sur papier pour s\u00e9lectionner les candidats \u00e0 l&rsquo;immigration, ce qui g\u00e9n\u00e9rait de longs d\u00e9lais de traitement et ne permettait pas de rattacher efficacement les personnes int\u00e9ress\u00e9es \u00e0 immigrer dans la province avec les besoins les plus imm\u00e9diats du march\u00e9 du [&hellip;]<\/p>\n","protected":false},"author":4,"featured_media":0,"parent":1205,"menu_order":0,"comment_status":"closed","ping_status":"closed","template":"","meta":{"footnotes":""},"class_list":["post-1829","page","type-page","status-publish","hentry"],"_links":{"self":[{"href":"https:\/\/wviscanada.ca\/en_ca\/wp-json\/wp\/v2\/pages\/1829","targetHints":{"allow":["GET"]}}],"collection":[{"href":"https:\/\/wviscanada.ca\/en_ca\/wp-json\/wp\/v2\/pages"}],"about":[{"href":"https:\/\/wviscanada.ca\/en_ca\/wp-json\/wp\/v2\/types\/page"}],"author":[{"embeddable":true,"href":"https:\/\/wviscanada.ca\/en_ca\/wp-json\/wp\/v2\/users\/4"}],"replies":[{"embeddable":true,"href":"https:\/\/wviscanada.ca\/en_ca\/wp-json\/wp\/v2\/comments?post=1829"}],"version-history":[{"count":23,"href":"https:\/\/wviscanada.ca\/en_ca\/wp-json\/wp\/v2\/pages\/1829\/revisions"}],"predecessor-version":[{"id":2715,"href":"https:\/\/wviscanada.ca\/en_ca\/wp-json\/wp\/v2\/pages\/1829\/revisions\/2715"}],"up":[{"embeddable":true,"href":"https:\/\/wviscanada.ca\/en_ca\/wp-json\/wp\/v2\/pages\/1205"}],"wp:attachment":[{"href":"https:\/\/wviscanada.ca\/en_ca\/wp-json\/wp\/v2\/media?parent=1829"}],"curies":[{"name":"wp","href":"https:\/\/api.w.org\/{rel}","templated":true}]}}