{"id":1480,"date":"2022-02-18T14:57:04","date_gmt":"2022-02-18T19:57:04","guid":{"rendered":"http:\/\/wviscanada.ca\/?page_id=1480"},"modified":"2023-01-24T20:31:03","modified_gmt":"2023-01-25T01:31:03","slug":"booking","status":"publish","type":"page","link":"https:\/\/wviscanada.ca\/en_ca\/booking\/","title":{"rendered":"Reservations"},"content":{"rendered":"<div data-elementor-type=\"wp-page\" data-elementor-id=\"1480\" class=\"elementor elementor-1480\" data-elementor-post-type=\"page\">\n\t\t\t\t\t\t<section class=\"elementor-section elementor-top-section elementor-element elementor-element-70dafbc elementor-section-boxed elementor-section-height-default elementor-section-height-default\" data-id=\"70dafbc\" data-element_type=\"section\" data-e-type=\"section\">\n\t\t\t\t\t\t<div class=\"elementor-container elementor-column-gap-default\">\n\t\t\t\t\t<div class=\"elementor-column elementor-col-50 elementor-top-column elementor-element elementor-element-30dacc0\" data-id=\"30dacc0\" data-element_type=\"column\" data-e-type=\"column\">\n\t\t\t<div class=\"elementor-widget-wrap elementor-element-populated\">\n\t\t\t\t\t\t<div class=\"elementor-element elementor-element-d7a053c elementor-widget elementor-widget-text-editor\" data-id=\"d7a053c\" data-element_type=\"widget\" data-e-type=\"widget\" data-widget_type=\"text-editor.default\">\n\t\t\t\t\t\t\t\t\t<h5><span style=\"text-decoration: underline;\"><strong> The importance of the initial consultation<\/strong><\/span><\/h5><h6>Before accepting a case, we must do a detailed analysis of all the basic documents that make up the bulk of your profile, in order to test your eligibility for most Canadian immigration programs.<\/h6><h6>We will provide you with the most suitable options for your personal situation, with estimated costs and you only have to choose the one that suits you best.<\/h6>\t\t\t\t\t\t\t\t<\/div>\n\t\t\t\t\t<\/div>\n\t\t<\/div>\n\t\t\t\t<div class=\"elementor-column elementor-col-50 elementor-top-column elementor-element elementor-element-bdd4a5d\" data-id=\"bdd4a5d\" data-element_type=\"column\" data-e-type=\"column\">\n\t\t\t<div class=\"elementor-widget-wrap elementor-element-populated\">\n\t\t\t\t\t\t<div class=\"elementor-element elementor-element-4ed52ed elementor-widget elementor-widget-text-editor\" data-id=\"4ed52ed\" data-element_type=\"widget\" data-e-type=\"widget\" data-widget_type=\"text-editor.default\">\n\t\t\t\t\t\t\t\t\t<h5><span style=\"text-decoration: underline;\"><strong>Book at least 48 hours in advance<br \/><\/strong><\/span><\/h5><h6>Once you have booked your appointment and sent any documents we may require, it will take us up to 48 hours to analyze your profile and prepare for the initial meeting. After the consultation, you will receive our report, which will take up the essentials of the consultation.<\/h6><h6>This step is crucial. We encourage any new candidate to start with the initial consultation.<\/h6>\t\t\t\t\t\t\t\t<\/div>\n\t\t\t\t\t<\/div>\n\t\t<\/div>\n\t\t\t\t\t<\/div>\n\t\t<\/section>\n\t\t\t\t<div class=\"elementor-section elementor-top-section elementor-element elementor-element-321be1f elementor-section-boxed elementor-section-height-default elementor-section-height-default\" data-id=\"321be1f\" data-element_type=\"section\" data-e-type=\"section\">\n\t\t\t\t\t\t<div class=\"elementor-container elementor-column-gap-default\">\n\t\t\t\t\t<div class=\"elementor-column elementor-col-100 elementor-top-column elementor-element elementor-element-ab93d5d\" data-id=\"ab93d5d\" data-element_type=\"column\" data-e-type=\"column\">\n\t\t\t<div class=\"elementor-widget-wrap elementor-element-populated\">\n\t\t\t\t\t\t<div class=\"elementor-element elementor-element-d6f4535 elementor-widget elementor-widget-html\" data-id=\"d6f4535\" data-element_type=\"widget\" data-e-type=\"widget\" data-widget_type=\"html.default\">\n\t\t\t\t\t<!-- D\u00e9but de widget en ligne Calendly -->\n<div class=\"calendly-inline-widget\" data-url=\"https:\/\/calendly.com\/wviscanada\" style=\"min-width:320px;height:630px;\"><\/div>\n<script type=\"text\/javascript\" src=\"https:\/\/assets.calendly.com\/assets\/external\/widget.js\" async><\/script>\n<!-- Fin de widget en ligne Calendly -->\t\t\t\t<\/div>\n\t\t\t\t\t<\/div>\n\t\t<\/div>\n\t\t\t\t\t<\/div>\n\t\t<\/div>\n\t\t\t\t<\/div>","protected":false},"excerpt":{"rendered":"<p>L&rsquo;importance de la consultation initiale Avant d\u2019accepter un cas, nous devons faire une analyse d\u00e9taill\u00e9e de tous les documents de base qui constituent l\u2019essentiel de votre profil, afin de tester votre \u00e9ligibilit\u00e9 \u00e0 la plupart des programmes d\u2019immigration canadienne. Nous vous fournirons les options les plus adapt\u00e9es \u00e0 votre situation personnelle, avec les co\u00fbts pr\u00e9visionnels [&hellip;]<\/p>\n","protected":false},"author":1,"featured_media":0,"parent":0,"menu_order":0,"comment_status":"closed","ping_status":"closed","template":"","meta":{"footnotes":""},"class_list":["post-1480","page","type-page","status-publish","hentry"],"_links":{"self":[{"href":"https:\/\/wviscanada.ca\/en_ca\/wp-json\/wp\/v2\/pages\/1480","targetHints":{"allow":["GET"]}}],"collection":[{"href":"https:\/\/wviscanada.ca\/en_ca\/wp-json\/wp\/v2\/pages"}],"about":[{"href":"https:\/\/wviscanada.ca\/en_ca\/wp-json\/wp\/v2\/types\/page"}],"author":[{"embeddable":true,"href":"https:\/\/wviscanada.ca\/en_ca\/wp-json\/wp\/v2\/users\/1"}],"replies":[{"embeddable":true,"href":"https:\/\/wviscanada.ca\/en_ca\/wp-json\/wp\/v2\/comments?post=1480"}],"version-history":[{"count":59,"href":"https:\/\/wviscanada.ca\/en_ca\/wp-json\/wp\/v2\/pages\/1480\/revisions"}],"predecessor-version":[{"id":2759,"href":"https:\/\/wviscanada.ca\/en_ca\/wp-json\/wp\/v2\/pages\/1480\/revisions\/2759"}],"wp:attachment":[{"href":"https:\/\/wviscanada.ca\/en_ca\/wp-json\/wp\/v2\/media?parent=1480"}],"curies":[{"name":"wp","href":"https:\/\/api.w.org\/{rel}","templated":true}]}}