{"id":1313,"date":"2022-02-04T19:37:36","date_gmt":"2022-02-05T00:37:36","guid":{"rendered":"http:\/\/wviscanada.ca\/?page_id=1313"},"modified":"2022-11-16T08:23:29","modified_gmt":"2022-11-16T13:23:29","slug":"visa-et-supervisas","status":"publish","type":"page","link":"https:\/\/wviscanada.ca\/en_ca\/service-to-individuals\/visa-et-supervisas\/","title":{"rendered":"Visas and Supervisas"},"content":{"rendered":"<div data-elementor-type=\"wp-post\" data-elementor-id=\"1313\" class=\"elementor elementor-1313\" data-elementor-post-type=\"page\">\n\t\t\t\t\t\t<section class=\"elementor-section elementor-top-section elementor-element elementor-element-ff8f22c elementor-section-boxed elementor-section-height-default elementor-section-height-default\" data-id=\"ff8f22c\" data-element_type=\"section\" data-e-type=\"section\">\n\t\t\t\t\t\t<div class=\"elementor-container elementor-column-gap-default\">\n\t\t\t\t\t<div class=\"elementor-column elementor-col-66 elementor-top-column elementor-element elementor-element-fb45a16\" data-id=\"fb45a16\" data-element_type=\"column\" data-e-type=\"column\">\n\t\t\t<div class=\"elementor-widget-wrap elementor-element-populated\">\n\t\t\t\t\t\t<section class=\"elementor-section elementor-inner-section elementor-element elementor-element-0d1e714 elementor-section-boxed elementor-section-height-default elementor-section-height-default\" data-id=\"0d1e714\" data-element_type=\"section\" data-e-type=\"section\">\n\t\t\t\t\t\t<div class=\"elementor-container elementor-column-gap-default\">\n\t\t\t\t\t<div class=\"elementor-column elementor-col-100 elementor-inner-column elementor-element elementor-element-d18ab32\" data-id=\"d18ab32\" data-element_type=\"column\" data-e-type=\"column\" data-settings=\"{&quot;background_background&quot;:&quot;classic&quot;}\">\n\t\t\t<div class=\"elementor-widget-wrap elementor-element-populated\">\n\t\t\t\t\t\t<div class=\"elementor-element elementor-element-d7541f5 elementor-widget elementor-widget-spacer\" data-id=\"d7541f5\" data-element_type=\"widget\" data-e-type=\"widget\" data-widget_type=\"spacer.default\">\n\t\t\t\t\t\t\t<div class=\"elementor-spacer\">\n\t\t\t<div class=\"elementor-spacer-inner\"><\/div>\n\t\t<\/div>\n\t\t\t\t\t\t<\/div>\n\t\t\t\t\t<\/div>\n\t\t<\/div>\n\t\t\t\t\t<\/div>\n\t\t<\/section>\n\t\t\t\t<div class=\"elementor-element elementor-element-94cfe22 elementor-widget elementor-widget-visahub-aboutinfo\" data-id=\"94cfe22\" data-element_type=\"widget\" data-e-type=\"widget\" data-widget_type=\"visahub-aboutinfo.default\">\n\t\t\t\t<div class=\"elementor-widget-container\">\n\t\t\t\t\t<div class=\"contentstyle\">\n\n\t\t\t\t    <h2>Temporary Residence Visa<\/h2> <!-- heading title -->\n\n\t\t\t\t    <p class=\"lead\"><\/p> <!-- lead font -->\n\t\t\t\t    \n\t\t\t\t    <p><div><p>If you wish to stay temporarily in Canada (to study, work or simply do tourism), you will certainly need a visitor&#039;s visa more commonly known as <em>temporary resident visa (TRV)<\/em>.<\/p><p>Visa-required foreign nationals need permission to enter and remain in Canada as visitors for <strong>a maximum period of 6 (six) months<\/strong>, with the exception of Canadian citizens and permanent residents.<\/p><p>If necessary, you can ask to extend your stay beyond 6 months. If successful, you will then receive <strong>a visitor card<\/strong>.<\/p><p>Obtaining a TRV is not a guarantee of admission to Canada. When you arrive at the border, the Immigration Officer may require you to demonstrate that the purpose of your visit is <strong>temporary in nature<\/strong>. It also has the power to require that you demonstrate your ability to support yourself during your intended temporary stay in Canada. In case of doubt, the Immigration Officer has the power to refuse you entry into the country.<\/p><p>You may also be refused entry to Canada if you have a criminal record or if you represent a health hazard to Canadians. If in doubt, contact us and we can inform you about admission requirements and represent you with Immigration, Refugees and Citizenship Canada (IRCC).<\/p><p><strong>Visa-exempt countries <\/strong><\/p><p>Citizens of certain countries, mainly those members of the European Union, are exempt from Visitor Visa and must obtain an Electronic Travel Authorization (eTA). If your country is part of the exemption list and if you meet the admission requirements, we can, if you wish, obtain your eTA.<\/p><p><strong>Visitors: tourism, business<\/strong><\/p><p>Canada has, like many other countries, divided foreigners seeking entry into Canada into two categories: Those who must formally apply for a visitor&#039;s visa and those who, if not formal request, must, all the same, make a formal request for an electronic travel authorization (A<em>VE<\/em>).<\/p><p>The assessment of a visa application for a visitor is subject to the discretion of the federal immigration officer processing the application. The latter must be convinced that the candidate is a genuine visitor who will leave Canada at the end of his stay, at the latest on the expiry date of the visa issued. It goes without saying that an application for a temporary visa must be accompanied by evidence allowing the officer processing the application to make an informed decision.<\/p><p><strong>Foreign students and workers<\/strong><\/p><p>When you first apply for a study permit or work permit, you will automatically receive a TRV when your application is approved.<\/p><p>The validity of TRVs for foreign students and for Temporary Foreign Workers (TFWs) is variable and determined on a case-by-case basis. In any case, the TRV will be for the same period of validity as indicated on your study or work permit, and will always be limited to the validity of your passport.<\/p><\/div><\/p> <!-- description -->\n\t\t\t\t    \n\t\t\t\t     <!-- list style -->\n\n\t\t\t\t\t <!-- Button -->\n\n\t\t\t\t<\/div>\t\t\t\t<\/div>\n\t\t\t\t<\/div>\n\t\t\t\t<div class=\"elementor-element elementor-element-76528ff elementor-widget elementor-widget-visahub-aboutinfo\" data-id=\"76528ff\" data-element_type=\"widget\" data-e-type=\"widget\" data-widget_type=\"visahub-aboutinfo.default\">\n\t\t\t\t<div class=\"elementor-widget-container\">\n\t\t\t\t\t<div class=\"contentstyle\">\n\n\t\t\t\t    <h2>Supervise for parents and grandparents<\/h2> <!-- heading title -->\n\n\t\t\t\t    <p class=\"lead\"><\/p> <!-- lead font -->\n\t\t\t\t    \n\t\t\t\t    <p><p><strong>What is a Super Visa?<\/strong><\/p><p>The &quot;<strong>supervisa<\/strong>&quot; is a visa specifically reserved for parents and grandparents who wish, <strong><u>without immigrating<\/u><\/strong>, be allowed to visit their children\/grandchildren over 6 months at a time up to a period of 2 years. It is nicknamed by the federal government &quot;supervisa&quot; by its length.<\/p><p>This type of temporary residence visa can be <strong>valid for up to 10 years<\/strong> and allows parents and grandparents to stay in Canada <strong>up to 2 years per visit,<\/strong> without having to request a renewal of their status, to leave and return there throughout this period of validity.<\/p><p><strong>Supervisa Eligibility<\/strong><\/p><p>To qualify for a super visa, you must:<\/p><ul><li>Be the parent or grandparent of a Canadian citizen or permanent resident of Canada;<\/li><li>Present an invitation written by the child or grandchild inviting you to Canada;<\/li><li>Prove the relationship with the child or grandchild;<\/li><li>Have a valid passport<\/li><li>Purchase private travel medical insurance from a Canadian insurance company;<\/li><li>Apply for a super visa from outside Canada;<\/li><li>Pass an immigration medical examination by a physician authorized by the Government of Canada visa office.<\/li><\/ul><p>Other specific conditions and additional documents may be requested in order for your super visa application to be accepted by the Canadian immigration office.<\/p><p>No dependents can be admitted for a super visa. In such circumstances, the dependent may apply for a visitor&#039;s visa or an Electronic Travel Authorization (eTA).<\/p><p><strong>Super visa waiver<\/strong><\/p><p>If you are a citizen of a country that is visa exempt, you can apply for a visa using the same process as applying for a super visa. However, instead of obtaining a visa, you will receive an official letter from IRCC authorizing your visit to Canada for a maximum of 2 years, only on your first visit.<\/p><p>If you are arriving in Canada by air, you may also need to apply for an Electronic Travel Authorization (eTA).<\/p><p>Spending quality time with your children and grandchildren who live in Canada is a great experience. Contact us to assess your eligibility based on your situation and the criteria of the Parents and Grandparents Super Visa Program. We will be happy to assist you in your efforts.<\/p><\/p> <!-- description -->\n\t\t\t\t    \n\t\t\t\t     <!-- list style -->\n\n\t\t\t\t\t <!-- Button -->\n\n\t\t\t\t<\/div>\t\t\t\t<\/div>\n\t\t\t\t<\/div>\n\t\t\t\t<div class=\"elementor-element elementor-element-e11cd2b elementor-widget elementor-widget-timeline-widget-addon\" data-id=\"e11cd2b\" data-element_type=\"widget\" data-e-type=\"widget\" data-widget_type=\"timeline-widget-addon.default\">\n\t\t\t\t<div class=\"elementor-widget-container\">\n\t\t\t\t\t<!-- ========= Timeline Widget Addon For Elementor 1.6.24 ========= -->\n<div id=\"twae-wrapper-e11cd2b\" class=\"twae-vertical twae-wrapper  twae-both-sided\">   \n    <div class=\"twae-start\"><\/div>    \n    <div id=\"twea-timeline-e11cd2b\" class=\"twae-timeline\" ><!-- Start of Story Repeater Content --><div id=\"story-465ed62\" class=\"twae-story twae-repeater-item twae-story-right twae-story-no-icon\"><!-- Story Icon --><div class=\"twae-icon\"><svg aria-hidden=\"true\" class=\"e-font-icon-svg e-fas-phone\" viewbox=\"0 0 512 512\" xmlns=\"http:\/\/www.w3.org\/2000\/svg\"><path d=\"M493.4 24.6l-104-24c-11.3-2.6-22.9 3.3-27.5 13.9l-48 112c-4.2 9.8-1.4 21.3 6.9 28l60.6 49.6c-36 76.7-98.9 140.5-177.2 177.2l-49.6-60.6c-6.8-8.3-18.2-11.1-28-6.9l-112 48C3.9 366.5-2 378.1.6 389.4l24 104C27.1 504.2 36.7 512 48 512c256.1 0 464-207.5 464-464 0-11.2-7.7-20.9-18.6-23.4z\"><\/path><\/svg><\/div><!-- Story Arrow --><div class=\"twae-arrow\"><\/div><!-- Start of Story Content --><div class=\"twae-content\"><!-- Story Title --><div class=\"twae-title\">Contact<\/div><!-- Story Description --><div class=\"twae-description\"><p>You call us or fill out the free evaluation form. We will assess your file and provide you with our professional opinions on your chances of success as well as a detailed support offer.<\/p><\/div><\/div><\/div><!-- Start of Story Repeater Content --><div id=\"story-872b804\" class=\"twae-story twae-repeater-item twae-story-left twae-story-no-icon\"><!-- Story Icon --><div class=\"twae-icon\"><svg aria-hidden=\"true\" class=\"e-font-icon-svg e-far-edit\" viewbox=\"0 0 576 512\" xmlns=\"http:\/\/www.w3.org\/2000\/svg\"><path d=\"M402.3 344.9l32-32c5-5 13.7-1.5 13.7 5.7V464c0 26.5-21.5 48-48 48H48c-26.5 0-48-21.5-48-48V112c0-26.5 21.5-48 48-48h273.5c7.1 0 10.7 8.6 5.7 13.7l-32 32c-1.5 1.5-3.5 2.3-5.7 2.3H48v352h352V350.5c0-2.1.8-4.1 2.3-5.6zm156.6-201.8L296.3 405.7l-90.4 10c-26.2 2.9-48.5-19.2-45.6-45.6l10-90.4L432.9 17.1c22.9-22.9 59.9-22.9 82.7 0l43.2 43.2c22.9 22.9 22.9 60 .1 82.8zM460.1 174L402 115.9 216.2 301.8l-7.3 65.3 65.3-7.3L460.1 174zm64.8-79.7l-43.2-43.2c-4.1-4.1-10.8-4.1-14.8 0L436 82l58.1 58.1 30.9-30.9c4-4.2 4-10.8-.1-14.9z\"><\/path><\/svg><\/div><!-- Story Arrow --><div class=\"twae-arrow\"><\/div><!-- Start of Story Content --><div class=\"twae-content\"><!-- Story Title --><div class=\"twae-title\">Strategy<\/div><!-- Story Description --><div class=\"twae-description\"><p>We&#039;ll work with you to create a solution that&#039;s right for you, and likely to lead to a successful immigration process.<\/p><\/div><\/div><\/div><!-- Start of Story Repeater Content --><div id=\"story-f3a4452\" class=\"twae-story twae-repeater-item twae-story-right twae-story-no-icon\"><!-- Story Icon --><div class=\"twae-icon\"><svg aria-hidden=\"true\" class=\"e-font-icon-svg e-far-folder-open\" viewbox=\"0 0 576 512\" xmlns=\"http:\/\/www.w3.org\/2000\/svg\"><path d=\"M527.9 224H480v-48c0-26.5-21.5-48-48-48H272l-64-64H48C21.5 64 0 85.5 0 112v288c0 26.5 21.5 48 48 48h400c16.5 0 31.9-8.5 40.7-22.6l79.9-128c20-31.9-3-73.4-40.7-73.4zM48 118c0-3.3 2.7-6 6-6h134.1l64 64H426c3.3 0 6 2.7 6 6v42H152c-16.8 0-32.4 8.8-41.1 23.2L48 351.4zm400 282H72l77.2-128H528z\"><\/path><\/svg><\/div><!-- Story Arrow --><div class=\"twae-arrow\"><\/div><!-- Start of Story Content --><div class=\"twae-content\"><!-- Story Title --><div class=\"twae-title\">Case<\/div><!-- Story Description --><div class=\"twae-description\"><p>We will carefully review your supporting documents and work to build a strong case, which we will submit to IRCC.<\/p><\/div><\/div><\/div><!-- Start of Story Repeater Content --><div id=\"story-c263a7a\" class=\"twae-story twae-repeater-item twae-story-left twae-story-no-icon\"><!-- Story Icon --><div class=\"twae-icon\"><svg aria-hidden=\"true\" class=\"e-font-icon-svg e-fas-user\" viewbox=\"0 0 448 512\" xmlns=\"http:\/\/www.w3.org\/2000\/svg\"><path d=\"M224 256c70.7 0 128-57.3 128-128S294.7 0 224 0 96 57.3 96 128s57.3 128 128 128zm89.6 32h-16.7c-22.2 10.2-46.9 16-72.9 16s-50.6-5.8-72.9-16h-16.7C60.2 288 0 348.2 0 422.4V464c0 26.5 21.5 48 48 48h352c26.5 0 48-21.5 48-48v-41.6c0-74.2-60.2-134.4-134.4-134.4z\"><\/path><\/svg><\/div><!-- Story Arrow --><div class=\"twae-arrow\"><\/div><!-- Start of Story Content --><div class=\"twae-content\"><!-- Story Title --><div class=\"twae-title\">Representation<\/div><!-- Story Description --><div class=\"twae-description\"><p>To save you any stress, we will take care of all communication with Canadian provincial and federal authorities on your behalf. We will keep you informed with each update of your request.<\/p><\/div><\/div><\/div><!-- Start of Story Repeater Content --><div id=\"story-194ee39\" class=\"twae-story twae-repeater-item twae-story-right twae-story-no-icon\"><!-- Story Icon --><div class=\"twae-icon\"><svg aria-hidden=\"true\" class=\"e-font-icon-svg e-fas-check\" viewbox=\"0 0 512 512\" xmlns=\"http:\/\/www.w3.org\/2000\/svg\"><path d=\"M173.898 439.404l-166.4-166.4c-9.997-9.997-9.997-26.206 0-36.204l36.203-36.204c9.997-9.998 26.207-9.998 36.204 0L192 312.69 432.095 72.596c9.997-9.997 26.207-9.997 36.204 0l36.203 36.204c9.997 9.997 9.997 26.206 0 36.204l-294.4 294.401c-9.998 9.997-26.207 9.997-36.204-.001z\"><\/path><\/svg><\/div><!-- Story Arrow --><div class=\"twae-arrow\"><\/div><!-- Start of Story Content --><div class=\"twae-content\"><!-- Story Title --><div class=\"twae-title\">Decision<\/div><!-- Story Description --><div class=\"twae-description\"><p>Once the decision has been made, we will advise you on the next steps necessary to prepare for your arrival in Canada or to pursue your Canadian project.<\/p><\/div><\/div><\/div><\/div>\n    <div class=\"twae-end\"><\/div>\n    <\/div>\t\t\t\t<\/div>\n\t\t\t\t<\/div>\n\t\t\t\t<div class=\"elementor-element elementor-element-39f5f76 elementor-widget elementor-widget-visahub-aboutinfo\" data-id=\"39f5f76\" data-element_type=\"widget\" data-e-type=\"widget\" data-widget_type=\"visahub-aboutinfo.default\">\n\t\t\t\t<div class=\"elementor-widget-container\">\n\t\t\t\t\t<div class=\"contentstyle\">\n\n\t\t\t\t     <!-- heading title -->\n\n\t\t\t\t     <!-- lead font -->\n\t\t\t\t    \n\t\t\t\t    <p><p><strong>Help your parents and grandparents get the super visa!<\/strong><\/p><p>Don&#039;t risk unnecessary delays or rejection. It all starts with a <strong>convincing and well-written invitation letter<\/strong>. Let&#039;s talk today about getting a super visa for your family and get your application started!<\/p><\/p> <!-- description -->\n\t\t\t\t    \n\t\t\t\t     <!-- list style -->\n\n\t\t\t\t\t <!-- Button -->\n\n\t\t\t\t<\/div>\t\t\t\t<\/div>\n\t\t\t\t<\/div>\n\t\t\t\t<section class=\"elementor-section elementor-inner-section elementor-element elementor-element-e0d94c4 elementor-section-boxed elementor-section-height-default elementor-section-height-default\" data-id=\"e0d94c4\" data-element_type=\"section\" data-e-type=\"section\">\n\t\t\t\t\t\t<div class=\"elementor-container elementor-column-gap-default\">\n\t\t\t\t\t<div class=\"elementor-column elementor-col-100 elementor-inner-column elementor-element elementor-element-a119204\" data-id=\"a119204\" data-element_type=\"column\" data-e-type=\"column\">\n\t\t\t<div class=\"elementor-widget-wrap\">\n\t\t\t\t\t\t\t<\/div>\n\t\t<\/div>\n\t\t\t\t\t<\/div>\n\t\t<\/section>\n\t\t\t\t\t<\/div>\n\t\t<\/div>\n\t\t\t\t<div class=\"elementor-column elementor-col-33 elementor-top-column elementor-element elementor-element-61f70bc\" data-id=\"61f70bc\" data-element_type=\"column\" data-e-type=\"column\">\n\t\t\t<div class=\"elementor-widget-wrap elementor-element-populated\">\n\t\t\t\t\t\t<div class=\"elementor-element elementor-element-01ab2cf elementor-hidden-tablet elementor-hidden-mobile elementor-widget elementor-widget-shortcode\" data-id=\"01ab2cf\" data-element_type=\"widget\" data-e-type=\"widget\" data-widget_type=\"shortcode.default\">\n\t\t\t\t\t\t\t<div class=\"elementor-shortcode\">\t\t<div data-elementor-type=\"section\" data-elementor-id=\"1292\" class=\"elementor elementor-1292\" data-elementor-post-type=\"elementor_library\">\n\t\t\t\t\t<section class=\"elementor-section elementor-top-section elementor-element elementor-element-375df7e elementor-section-boxed elementor-section-height-default elementor-section-height-default\" data-id=\"375df7e\" data-element_type=\"section\" data-e-type=\"section\">\n\t\t\t\t\t\t<div class=\"elementor-container elementor-column-gap-default\">\n\t\t\t\t\t<div class=\"elementor-column elementor-col-100 elementor-top-column elementor-element elementor-element-87d5d35\" data-id=\"87d5d35\" data-element_type=\"column\" data-e-type=\"column\">\n\t\t\t<div class=\"elementor-widget-wrap elementor-element-populated\">\n\t\t\t\t\t\t<div class=\"elementor-element elementor-element-747fdbd elementor-widget elementor-widget-heading\" data-id=\"747fdbd\" data-element_type=\"widget\" data-e-type=\"widget\" data-widget_type=\"heading.default\">\n\t\t\t\t\t<h2 class=\"elementor-heading-title elementor-size-default\">Services<\/h2>\t\t\t\t<\/div>\n\t\t\t\t<div class=\"elementor-element elementor-element-0c50edf elementor-nav-menu--stretch elementor-nav-menu__text-align-center elementor-nav-menu__align-start elementor-nav-menu--dropdown-tablet elementor-nav-menu--toggle elementor-nav-menu--burger elementor-widget elementor-widget-nav-menu\" data-id=\"0c50edf\" data-element_type=\"widget\" data-e-type=\"widget\" data-settings=\"{&quot;layout&quot;:&quot;vertical&quot;,&quot;full_width&quot;:&quot;stretch&quot;,&quot;submenu_icon&quot;:{&quot;value&quot;:&quot;&lt;svg class=\\&quot;e-font-icon-svg e-fas-caret-down\\&quot; viewBox=\\&quot;0 0 320 512\\&quot; xmlns=\\&quot;http:\\\/\\\/www.w3.org\\\/2000\\\/svg\\&quot;&gt;&lt;path d=\\&quot;M31.3 192h257.3c17.8 0 26.7 21.5 14.1 34.1L174.1 354.8c-7.8 7.8-20.5 7.8-28.3 0L17.2 226.1C4.6 213.5 13.5 192 31.3 192z\\&quot;&gt;&lt;\\\/path&gt;&lt;\\\/svg&gt;&quot;,&quot;library&quot;:&quot;fa-solid&quot;},&quot;toggle&quot;:&quot;burger&quot;}\" data-widget_type=\"nav-menu.default\">\n\t\t\t\t<div class=\"elementor-widget-container\">\n\t\t\t\t\t\t\t\t<nav aria-label=\"Menu\" class=\"elementor-nav-menu--main elementor-nav-menu__container elementor-nav-menu--layout-vertical e--pointer-underline e--animation-fade\">\n\t\t\t\t<ul id=\"menu-1-0c50edf\" class=\"elementor-nav-menu sm-vertical\"><li class=\"menu-item menu-item-type-post_type menu-item-object-page menu-item-1318\"><a href=\"https:\/\/wviscanada.ca\/en_ca\/service-to-individuals\/visa-et-supervisas\/\" class=\"elementor-item\">Visas and Supervisas<\/a><\/li>\n<li class=\"menu-item menu-item-type-post_type menu-item-object-page menu-item-1319\"><a href=\"https:\/\/wviscanada.ca\/en_ca\/service-to-individuals\/permis-detude\/\" class=\"elementor-item\">Study permit<\/a><\/li>\n<li class=\"menu-item menu-item-type-post_type menu-item-object-page menu-item-1320\"><a href=\"https:\/\/wviscanada.ca\/en_ca\/service-to-individuals\/travailleurs-temporaires\/\" class=\"elementor-item\">Work permit<\/a><\/li>\n<li class=\"menu-item menu-item-type-post_type menu-item-object-page menu-item-1272\"><a href=\"https:\/\/wviscanada.ca\/en_ca\/service-to-individuals\/entree-express\/\" class=\"elementor-item\">Express Entry<\/a><\/li>\n<\/ul>\t\t\t<\/nav>\n\t\t\t\t\t<div class=\"elementor-menu-toggle\" role=\"button\" tabindex=\"0\" aria-label=\"Menu Toggle\" aria-expanded=\"false\">\n\t\t\t<svg aria-hidden=\"true\" role=\"presentation\" class=\"elementor-menu-toggle__icon--open e-font-icon-svg e-eicon-menu-bar\" viewbox=\"0 0 1000 1000\" xmlns=\"http:\/\/www.w3.org\/2000\/svg\"><path d=\"M104 333H896C929 333 958 304 958 271S929 208 896 208H104C71 208 42 237 42 271S71 333 104 333ZM104 583H896C929 583 958 554 958 521S929 458 896 458H104C71 458 42 487 42 521S71 583 104 583ZM104 833H896C929 833 958 804 958 771S929 708 896 708H104C71 708 42 737 42 771S71 833 104 833Z\"><\/path><\/svg><svg aria-hidden=\"true\" role=\"presentation\" class=\"elementor-menu-toggle__icon--close e-font-icon-svg e-eicon-close\" viewbox=\"0 0 1000 1000\" xmlns=\"http:\/\/www.w3.org\/2000\/svg\"><path d=\"M742 167L500 408 258 167C246 154 233 150 217 150 196 150 179 158 167 167 154 179 150 196 150 212 150 229 154 242 171 254L408 500 167 742C138 771 138 800 167 829 196 858 225 858 254 829L496 587 738 829C750 842 767 846 783 846 800 846 817 842 829 829 842 817 846 804 846 783 846 767 842 750 829 737L588 500 833 258C863 229 863 200 833 171 804 137 775 137 742 167Z\"><\/path><\/svg>\t\t\t<span class=\"elementor-screen-only\">Menu<\/span>\n\t\t<\/div>\n\t\t\t\t\t<nav class=\"elementor-nav-menu--dropdown elementor-nav-menu__container\" aria-hidden=\"true\">\n\t\t\t\t<ul id=\"menu-2-0c50edf\" class=\"elementor-nav-menu sm-vertical\"><li class=\"menu-item menu-item-type-post_type menu-item-object-page menu-item-1318\"><a href=\"https:\/\/wviscanada.ca\/en_ca\/service-to-individuals\/visa-et-supervisas\/\" class=\"elementor-item\" tabindex=\"-1\">Visas and Supervisas<\/a><\/li>\n<li class=\"menu-item menu-item-type-post_type menu-item-object-page menu-item-1319\"><a href=\"https:\/\/wviscanada.ca\/en_ca\/service-to-individuals\/permis-detude\/\" class=\"elementor-item\" tabindex=\"-1\">Study permit<\/a><\/li>\n<li class=\"menu-item menu-item-type-post_type menu-item-object-page menu-item-1320\"><a href=\"https:\/\/wviscanada.ca\/en_ca\/service-to-individuals\/travailleurs-temporaires\/\" class=\"elementor-item\" tabindex=\"-1\">Work permit<\/a><\/li>\n<li class=\"menu-item menu-item-type-post_type menu-item-object-page menu-item-1272\"><a href=\"https:\/\/wviscanada.ca\/en_ca\/service-to-individuals\/entree-express\/\" class=\"elementor-item\" tabindex=\"-1\">Express Entry<\/a><\/li>\n<\/ul>\t\t\t<\/nav>\n\t\t\t\t\t\t<\/div>\n\t\t\t\t<\/div>\n\t\t\t\t<div class=\"elementor-element elementor-element-2cc4e3d elementor-widget elementor-widget-html\" data-id=\"2cc4e3d\" data-element_type=\"widget\" data-e-type=\"widget\" data-widget_type=\"html.default\">\n\t\t\t\t\t<iframe src=\"https:\/\/www.facebook.com\/plugins\/page.php?href=https%3A%2F%2Fwww.facebook.com%2Fwviscanada%2F&tabs=timeline&width=750&height=500&small_header=false&adapt_container_width=true&hide_cover=false&show_facepile=false&appId\" width=\"750\" height=\"500\" style=\"border:none;overflow:hidden\" scrolling=\"no\" frameborder=\"0\" allowfullscreen=\"true\" allow=\"autoplay; clipboard-write; encrypted-media; picture-in-picture; web-share\"><\/iframe>\n\n\t\t\t\t<\/div>\n\t\t\t\t<div class=\"elementor-element elementor-element-977596d elementor-widget elementor-widget-visahub-testimonials\" data-id=\"977596d\" data-element_type=\"widget\" data-e-type=\"widget\" data-widget_type=\"visahub-testimonials.default\">\n\t\t\t\t<div class=\"elementor-widget-container\">\n\t\t\t\t\t<div class=\"card-testimonial card-testimonial-light\">\n\t\t\t\t\t    <div class=\"card-testimonial-img\"><img decoding=\"async\" src=\"http:\/\/wviscanada.ca\/wp-content\/uploads\/2022\/02\/icons8-user-90.png\" alt=\" Wokgou&eacute; Visa &amp; Immigration Services\" class=\"rounded-circle img-responsive img-shadow\"><\/div> <div class=\"card-testimonial-content\"><p class=\"card-testimonial-text\">I thank the firm for its incredible efforts! the sound advice provided by the consultant throughout the process of my application, allowed me to renew my status.<\/p><\/div>\n\t\t\t\t\t    <div class=\"card-testimonial-info\">\n\t\t\t\t\t        <span class=\"card-testimonial-flag\"><img decoding=\"async\" src=\"https:\/\/wviscanada.ca\/wp-content\/plugins\/wp-organic-visahub\/assets\/country\/canada.svg\" class=\"flag-small img-responsive img-shadow\"><\/span>  <h4 class=\"card-testimonial-name\">ANONYMOUS<\/h4> <p><small>Work permit<\/small><\/p>\n\t\t\t\t\t    <\/div>\n\t\t\t\t\t<\/div>\t\t\t\t<\/div>\n\t\t\t\t<\/div>\n\t\t\t\t\t<\/div>\n\t\t<\/div>\n\t\t\t\t\t<\/div>\n\t\t<\/section>\n\t\t\t\t<\/div>\n\t\t<\/div>\n\t\t\t\t\t\t<\/div>\n\t\t\t\t<div class=\"elementor-element elementor-element-65f4ef7 text-center elementor-widget elementor-widget-visahub-buttons\" data-id=\"65f4ef7\" data-element_type=\"widget\" data-e-type=\"widget\" data-widget_type=\"visahub-buttons.default\">\n\t\t\t\t<div class=\"elementor-widget-container\">\n\t\t\t\t\t<a href=\"https:\/\/casecloud.ca\/form\/formshare?formId=eba672dc-ac4b-4803-b352-948c6e71f437&siteId=CCP20211803\" class=\"btn btn-default btn-lg\">Apply for a Supervisa<\/a>\t\t\t\t<\/div>\n\t\t\t\t<\/div>\n\t\t\t\t\t<\/div>\n\t\t<\/div>\n\t\t\t\t\t<\/div>\n\t\t<\/section>\n\t\t\t\t<\/div>","protected":false},"excerpt":{"rendered":"<p>Visa de R\u00e9sidence Temporaire Si vous d\u00e9sirez s\u00e9journer temporairement au Canada (pour \u00e9tudier, travailler ou tout simplement faire du tourisme), vous aurez certainement besoin d\u2019un visa de visiteur plus commun\u00e9ment appel\u00e9 visa de r\u00e9sident temporaire (VRT). Les \u00e9trangers vis\u00e9s par l\u2019obligation de visa ont besoin d\u2019une autorisation pour entrer et demeurer au Canada en tant [&hellip;]<\/p>\n","protected":false},"author":1,"featured_media":0,"parent":1205,"menu_order":0,"comment_status":"closed","ping_status":"closed","template":"","meta":{"footnotes":""},"class_list":["post-1313","page","type-page","status-publish","hentry"],"_links":{"self":[{"href":"https:\/\/wviscanada.ca\/en_ca\/wp-json\/wp\/v2\/pages\/1313","targetHints":{"allow":["GET"]}}],"collection":[{"href":"https:\/\/wviscanada.ca\/en_ca\/wp-json\/wp\/v2\/pages"}],"about":[{"href":"https:\/\/wviscanada.ca\/en_ca\/wp-json\/wp\/v2\/types\/page"}],"author":[{"embeddable":true,"href":"https:\/\/wviscanada.ca\/en_ca\/wp-json\/wp\/v2\/users\/1"}],"replies":[{"embeddable":true,"href":"https:\/\/wviscanada.ca\/en_ca\/wp-json\/wp\/v2\/comments?post=1313"}],"version-history":[{"count":39,"href":"https:\/\/wviscanada.ca\/en_ca\/wp-json\/wp\/v2\/pages\/1313\/revisions"}],"predecessor-version":[{"id":2703,"href":"https:\/\/wviscanada.ca\/en_ca\/wp-json\/wp\/v2\/pages\/1313\/revisions\/2703"}],"up":[{"embeddable":true,"href":"https:\/\/wviscanada.ca\/en_ca\/wp-json\/wp\/v2\/pages\/1205"}],"wp:attachment":[{"href":"https:\/\/wviscanada.ca\/en_ca\/wp-json\/wp\/v2\/media?parent=1313"}],"curies":[{"name":"wp","href":"https:\/\/api.w.org\/{rel}","templated":true}]}}